{"id":2175,"date":"2025-02-06T19:11:14","date_gmt":"2025-02-06T19:11:14","guid":{"rendered":"https:\/\/www.eliasperkis.com\/design\/?page_id=2175"},"modified":"2025-03-27T00:46:02","modified_gmt":"2025-03-27T00:46:02","slug":"contacto","status":"publish","type":"page","link":"https:\/\/www.eliasperkis.com\/design\/contacto\/","title":{"rendered":"Contacto"},"content":{"rendered":"<div id=\"pl-2175\"  class=\"panel-layout\" ><div id=\"pg-2175-0\"  class=\"panel-grid panel-no-style\" ><div id=\"pgc-2175-0-0\"  class=\"panel-grid-cell\" ><div id=\"panel-2175-0-0-0\" class=\"so-panel widget widget_sow-editor panel-first-child panel-last-child\" data-index=\"0\" ><div\n\t\t\t\n\t\t\tclass=\"so-widget-sow-editor so-widget-sow-editor-base\"\n\t\t\t\n\t\t><h3 class=\"widget-title\">\u00c9 s\u00f3 pegar no teu telem\u00f3vel!<\/h3>\n<div class=\"siteorigin-widget-tinymce textwidget\">\n\t<div class=\"page\" title=\"Page 14\">\n<div class=\"layoutArea\">\n<div class=\"column\">\n<h3 style=\"text-align: center;\"><span style=\"color: #808080;\"><strong><a href=\"https:\/\/www.eliasperkis.com\/design\/wp-content\/uploads\/2019\/10\/14462732_10210848006295430_8975955104987385907_n.jpg\" rel=\"shadowbox[sbpost-2175];player=img;\"><noscript><img loading=\"lazy\" decoding=\"async\" data-skip-lazy src=\"https:\/\/www.eliasperkis.com\/design\/wp-content\/uploads\/2019\/10\/14462732_10210848006295430_8975955104987385907_n-150x150.jpg\" alt=\"\" width=\"150\" height=\"150\" class=\"alignnone size-thumbnail wp-image-1620\" srcset=\"https:\/\/www.eliasperkis.com\/design\/wp-content\/uploads\/2019\/10\/14462732_10210848006295430_8975955104987385907_n-150x150.jpg 150w, https:\/\/www.eliasperkis.com\/design\/wp-content\/uploads\/2019\/10\/14462732_10210848006295430_8975955104987385907_n-300x300.jpg 300w, https:\/\/www.eliasperkis.com\/design\/wp-content\/uploads\/2019\/10\/14462732_10210848006295430_8975955104987385907_n-768x771.jpg 768w, https:\/\/www.eliasperkis.com\/design\/wp-content\/uploads\/2019\/10\/14462732_10210848006295430_8975955104987385907_n-100x100.jpg 100w, https:\/\/www.eliasperkis.com\/design\/wp-content\/uploads\/2019\/10\/14462732_10210848006295430_8975955104987385907_n.jpg 956w\" sizes=\"auto, (max-width: 150px) 100vw, 150px\" \/><\/noscript><\/a><\/strong><\/span><span style=\"color: #808080;\"><strong>Portugal:<\/strong> +351 910 453 109<br \/>\n<\/span><br \/>\n<a href=\"mailto:hello@eliasperkis.com\">hello@eliasperkis.com<\/a><\/h3>\n<p style=\"text-align: center;\">Acredito que o design \u00e9 uma aventura constante de descoberta e cria\u00e7\u00e3o. Cada projeto \u00e9 uma oportunidade para colaborar, sonhar juntos e dar forma a ideias \u00fanicas. Se tens uma ideia em mente ou simplesmente queres conversar sobre possibilidades, estou aqui para te ajudar!<\/p>\n<p style=\"text-align: center;\">Contacta-me, partilhemos vis\u00f5es e criemos algo incr\u00edvel juntos. Estou ansioso por saber o que queres tornar realidade.<\/p>\n<\/div>\n<\/div>\n<\/div>\n<\/div>\n<\/div><\/div><\/div><\/div><div id=\"pg-2175-1\"  class=\"panel-grid panel-no-style\" ><div id=\"pgc-2175-1-0\"  class=\"panel-grid-cell\" ><div id=\"panel-2175-1-0-0\" class=\"so-panel widget widget_sow-image panel-first-child panel-last-child\" data-index=\"1\" ><div\n\t\t\t\n\t\t\tclass=\"so-widget-sow-image so-widget-sow-image-default-a258e6bfa2d8-2175\"\n\t\t\t\n\t\t>\n<div class=\"sow-image-container\">\n\t\t<noscript><img \n\tsrc=\"https:\/\/www.eliasperkis.com\/design\/wp-content\/uploads\/2025\/01\/Recurso-4@3x.png\" width=\"461\" height=\"802\" srcset=\"https:\/\/www.eliasperkis.com\/design\/wp-content\/uploads\/2025\/01\/Recurso-4@3x.png 461w, https:\/\/www.eliasperkis.com\/design\/wp-content\/uploads\/2025\/01\/Recurso-4@3x-172x300.png 172w\" sizes=\"(max-width: 461px) 100vw, 461px\" title=\"ep_bc_2025_4x\" alt=\"\" \t\tclass=\"so-widget-image\"\/><\/noscript><img src=\"https:\/\/www.eliasperkis.com\/design\/wp-content\/uploads\/2025\/01\/Recurso-4@3x.png\" width=\"461\" height=\"802\" srcset=\"data:image\/svg+xml;base64,PHN2ZyB3aWR0aD0iNDYxIiBoZWlnaHQ9IjgwMiIgdmlld0JveD0iMCAwIDQ2MSA4MDIiIGZpbGw9Im5vbmUiIHhtbG5zPSJodHRwOi8vd3d3LnczLm9yZy8yMDAwL3N2ZyI+PC9zdmc+\" title=\"ep_bc_2025_4x\" alt class=\"so-widget-image vp-lazyload\" data-src=\"https:\/\/www.eliasperkis.com\/design\/wp-content\/uploads\/2025\/01\/Recurso-4@3x.png\" data-srcset=\"https:\/\/www.eliasperkis.com\/design\/wp-content\/uploads\/2025\/01\/Recurso-4@3x.png 461w, https:\/\/www.eliasperkis.com\/design\/wp-content\/uploads\/2025\/01\/Recurso-4@3x-172x300.png 172w\" data-sizes=\"auto\" loading=\"eager\">\n\t<\/div>\n\n<\/div><\/div><\/div><div id=\"pgc-2175-1-1\"  class=\"panel-grid-cell\" ><div id=\"panel-2175-1-1-0\" class=\"so-panel widget widget_sow-contact-form panel-first-child panel-last-child\" data-index=\"2\" ><div\n\t\t\t\n\t\t\tclass=\"so-widget-sow-contact-form so-widget-sow-contact-form-default-b534ff6ada62-2175\"\n\t\t\t\n\t\t>\t<form\n\t\taction=\"\/design\/wp-json\/wp\/v2\/pages\/2175\"\n\t\tmethod=\"POST\"\n\t\tclass=\"sow-contact-form\"\n\t\tid=\"contact-form-2d16\"\n\t>\n\n\t\t\n\t\t            <p><em>Os campos marcados com * s\u00e3o obrigat\u00f3rios<\/em><\/p>\n\t\t\t\t\t\t<div class=\"sow-form-field sow-form-field-name\">\n\t\t\t\t<label class=\"sow-form-field-label-above\" for=\"sow-contact-form-field-o-seu-nome-1\">\n\t\t\t\t<strong>\n\t\t\t\t\tO seu nome\t\t\t\t\t\t\t\t\t\t\t<span class=\"sow-form-field-required\">*<\/span>\n\t\t\t\t\t\t\t\t\t<\/strong>\n\t\t\t<\/label>\n\t\t\t\t\t\t\t<div class=\"sow-field-container\">\n\t\t\t\t\t\t\t<input\n\t\t\ttype=\"text\"\n\t\t\tname=\"o-seu-nome-1\"\n\t\t\tid=\"sow-contact-form-field-o-seu-nome-1\"\n\t\t\tvalue=\"\"\n\t\t\tclass=\"sow-text-field\"\n\t\t\t\t\t\t\t\t\/>\n\t\t\t\t\t\t<\/div>\n\t\t\t\t\t\t\t<\/div>\n\t\t\t\t\t\t<div class=\"sow-form-field sow-form-field-email\">\n\t\t\t\t<label class=\"sow-form-field-label-above\" for=\"sow-contact-form-field-o-seu-e-mail-1\">\n\t\t\t\t<strong>\n\t\t\t\t\tO seu e-mail\t\t\t\t\t\t\t\t\t\t\t<span class=\"sow-form-field-required\">*<\/span>\n\t\t\t\t\t\t\t\t\t<\/strong>\n\t\t\t<\/label>\n\t\t\t\t\t\t\t<div class=\"sow-field-container\">\n\t\t\t\t\t\t\t<input\n\t\t\ttype=\"email\"\n\t\t\tname=\"o-seu-e-mail-1\"\n\t\t\tid=\"sow-contact-form-field-o-seu-e-mail-1\"\n\t\t\tvalue=\"\"\n\t\t\tclass=\"sow-text-field\"\t\t\t\t\t\t\t\t\/>\n\t\t\t\t\t\t<\/div>\n\t\t\t\t\t\t\t<\/div>\n\t\t\t\t\t\t<div class=\"sow-form-field sow-form-field-subject\">\n\t\t\t\t<label class=\"sow-form-field-label-above\" for=\"sow-contact-form-field-assunto-1\">\n\t\t\t\t<strong>\n\t\t\t\t\tAssunto\t\t\t\t\t\t\t\t\t\t\t<span class=\"sow-form-field-required\">*<\/span>\n\t\t\t\t\t\t\t\t\t<\/strong>\n\t\t\t<\/label>\n\t\t\t\t\t\t\t<div class=\"sow-field-container\">\n\t\t\t\t\t\t\t<input\n\t\t\ttype=\"text\"\n\t\t\tname=\"assunto-1\"\n\t\t\tid=\"sow-contact-form-field-assunto-1\"\n\t\t\tvalue=\"\"\n\t\t\tclass=\"sow-text-field\"\n\t\t\t\t\t\t\t\t\/>\n\t\t\t\t\t\t<\/div>\n\t\t\t\t\t\t\t<\/div>\n\t\t\t\t\t\t<div class=\"sow-form-field sow-form-field-textarea\">\n\t\t\t\t<label class=\"sow-form-field-label-above\" for=\"sow-contact-form-field-mensagem-1\">\n\t\t\t\t<strong>\n\t\t\t\t\tMensagem\t\t\t\t\t\t\t\t\t\t\t<span class=\"sow-form-field-required\">*<\/span>\n\t\t\t\t\t\t\t\t\t<\/strong>\n\t\t\t<\/label>\n\t\t\t\t\t\t\t<div class=\"sow-field-container\">\n\t\t\t\t\t\t\t<textarea\n\t\t\tname=\"mensagem-1\"\n\t\t\tid=\"sow-contact-form-field-mensagem-1\"\n\t\t\trows=\"10\"\n\t\t\t\t\t\t\t\t><\/textarea>\n\t\t\t\t\t\t<\/div>\n\t\t\t\t\t\t\t<\/div>\n\t\t\t\n\t\t\t\t\t<div class=\"sow-recaptcha\"\n\t\t\t\t\t\t\t\t\tdata-config=\"{&quot;sitekey&quot;:&quot;6LfQjE0bAAAAAATYDP9KU_PSWceTvSKFLZbRSbUX&quot;,&quot;theme&quot;:&quot;light&quot;,&quot;type&quot;:&quot;image&quot;,&quot;size&quot;:&quot;normal&quot;}\"\n\t\t\t\t\t\t\t><\/div>\n\t\t\t\n\t\t<div class=\"sow-submit-wrapper \n\t\tsow-submit-styled\t\t\">\n\n\t\t\t<button\n\t\t\t\ttype=\"submit\"\n\t\t\t\tclass=\"sow-submit\n\t\t\t\t\t\t\t\t\"\n\t\t\t\t\t\t\t>\n\t\t\t\tEnviar mensagem\t\t\t<\/button>\n\t\t<\/div>\n\t\t\t\t<input\n\t\t\ttype=\"hidden\"\n\t\t\tname=\"instance_hash-1\"\n\t\t\tvalue=\"2d16e346\"\n\t\t\/>\n\n\t\t<input type=\"hidden\" id=\"_wpnonce\" name=\"_wpnonce\" value=\"adbb5e2f78\" \/><input type=\"hidden\" name=\"_wp_http_referer\" value=\"\/design\/wp-json\/wp\/v2\/pages\/2175\" \/>\t<\/form>\n\t<\/div><\/div><\/div><\/div><\/div>","protected":false},"excerpt":{"rendered":"<p>Contacta-me para partilharmos vis\u00f5es e criarmos algo incr\u00edvel juntos.<\/p>\n","protected":false},"author":2,"featured_media":1407,"parent":0,"menu_order":4,"comment_status":"open","ping_status":"closed","template":"template-contact.php","meta":{"_vp_format_video_url":"","_vp_image_focal_point":[],"footnotes":""},"class_list":["post-2175","page","type-page","status-publish","has-post-thumbnail","hentry"],"aioseo_notices":[],"_links":{"self":[{"href":"https:\/\/www.eliasperkis.com\/design\/wp-json\/wp\/v2\/pages\/2175","targetHints":{"allow":["GET"]}}],"collection":[{"href":"https:\/\/www.eliasperkis.com\/design\/wp-json\/wp\/v2\/pages"}],"about":[{"href":"https:\/\/www.eliasperkis.com\/design\/wp-json\/wp\/v2\/types\/page"}],"author":[{"embeddable":true,"href":"https:\/\/www.eliasperkis.com\/design\/wp-json\/wp\/v2\/users\/2"}],"replies":[{"embeddable":true,"href":"https:\/\/www.eliasperkis.com\/design\/wp-json\/wp\/v2\/comments?post=2175"}],"version-history":[{"count":9,"href":"https:\/\/www.eliasperkis.com\/design\/wp-json\/wp\/v2\/pages\/2175\/revisions"}],"predecessor-version":[{"id":2549,"href":"https:\/\/www.eliasperkis.com\/design\/wp-json\/wp\/v2\/pages\/2175\/revisions\/2549"}],"wp:featuredmedia":[{"embeddable":true,"href":"https:\/\/www.eliasperkis.com\/design\/wp-json\/wp\/v2\/media\/1407"}],"wp:attachment":[{"href":"https:\/\/www.eliasperkis.com\/design\/wp-json\/wp\/v2\/media?parent=2175"}],"curies":[{"name":"wp","href":"https:\/\/api.w.org\/{rel}","templated":true}]}}