{"id":881,"date":"2020-07-25T14:10:35","date_gmt":"2020-07-25T14:10:35","guid":{"rendered":"https:\/\/www.eliasperkis.com\/bike\/?page_id=881"},"modified":"2020-07-25T15:50:10","modified_gmt":"2020-07-25T15:50:10","slug":"terminos-y-condiciones","status":"publish","type":"page","link":"https:\/\/www.eliasperkis.com\/bike\/es\/terminos-y-condiciones\/","title":{"rendered":"T\u00e9rminos y Condiciones"},"content":{"rendered":"<div id=\"pl-881\"  class=\"panel-layout\" ><div id=\"pg-881-0\"  class=\"panel-grid panel-no-style\" ><div id=\"pgc-881-0-0\"  class=\"panel-grid-cell\" ><div id=\"panel-881-0-0-0\" class=\"so-panel widget widget_sow-editor panel-first-child panel-last-child\" data-index=\"0\" ><div\n\t\t\t\n\t\t\tclass=\"so-widget-sow-editor so-widget-sow-editor-base\"\n\t\t\t\n\t\t>\n<div class=\"siteorigin-widget-tinymce textwidget\">\n\t<h1>\u2028T\u00e9rminos y condiciones<\/h1>\n<p>SI TIENES QUE CANCELAR O CAMBIAR TU RESERVA<br \/>\nPara tratar de ser lo m\u00e1s justos posible con nuestros clientes, le damos la oportunidad de transferir su reserva\/vale a otra fecha de forma gratuita hasta 5 d\u00edas antes del d\u00eda de la clase. Cualquier reserva que solicite un reembolso fuera de los 5 d\u00edas ser\u00e1 rechazada.<br \/>\nEn los 5 d\u00edas anteriores a su clase no se devolver\u00e1 bajo ninguna circunstancia las reservas que se cancelen y los vales expirar\u00e1n.<\/p>\n<p>\u00a1POR FAVOR, TENGA EN CUENTA ESTO CUANDO HAGA LA RESERVA!<br \/>\n\u00a1No hay excepciones a esta regla!<\/p>\n<p>SI TENEMOS QUE CANCELAR O CAMBIAR SU RESERVA<br \/>\nA veces las cosas que no podemos controlar, como las condiciones clim\u00e1ticas extremas o por razones operativas, nos dan motivos para cancelarlas con poca antelaci\u00f3n. Durante los meses de invierno, si las carreteras son demasiado peligrosas para conducir debido a la nieve\/hielo o tenemos vientos fuertes, entonces tendremos que cancelar debido a implicaciones de seguridad.<\/p>\n<p>Intentaremos avisarles con la mayor antelaci\u00f3n posible y transferiremos su reserva a otra fecha (no se permitir\u00e1n devoluciones). RIDE SMARTER no se responsabilizar\u00e1 de ning\u00fan otro gasto que se produzca por estas cancelaciones (por ejemplo, gastos de viaje\/alojamiento). Si el clima hace que las clase termine antes de tiempo, RIDE SMARTER puede ofrecer otra fecha para que el resto de la clase contin\u00fae. Se tendr\u00e1 en cuenta el tiempo transcurrido de la clase.<\/p>\n<p>Es importante que el n\u00famero de contacto y la direcci\u00f3n de correo electr\u00f3nico que se dejen al hacer la reserva sean los datos correctos para poder contactar con usted en caso de que tengamos que cancelarla. Si se pronostica mal tiempo, por favor revisen sus correos y textos antes de salir. Tambi\u00e9n pedimos que los nombres de todos los jinetes del grupo se env\u00eden a bike@eliasperkis.com despu\u00e9s de que se haya hecho la reserva. RIDE SMARTER requiere que TODOS LOS CICLISTAS completen su formulario de contacto y par-Q. No es responsabilidad de RIDE SMARTER asegurarse de que estos formularios se completen, pero de la persona que reserva la clase, los jinetes que no hayan completado los formularios requeridos no podr\u00e1n participar en la clase y no se dar\u00e1 ning\u00fan reembolso.<\/p>\n<p>Por favor, tenga en cuenta que la lluvia no afecta a nuestras clases y que no cancelaremos por estas condiciones. Cualquier mec\u00e1nica de su bicicleta ser\u00e1 sacada de su clase y no se a\u00f1adir\u00e1.<\/p>\n<p>RIDE SMARTER se reserva el derecho de cambiar sus t\u00e9rminos y condiciones en cualquier momento.<\/p>\n<\/div>\n<\/div><\/div><\/div><\/div><\/div>","protected":false},"excerpt":{"rendered":"<p>\u2028T\u00e9rminos y condiciones SI TIENES QUE CANCELAR O CAMBIAR TU RESERVA Para tratar de ser lo m\u00e1s justos posible con nuestros clientes, le damos la oportunidad de transferir su reserva\/vale a otra fecha de forma gratuita hasta 5 d\u00edas antes del d\u00eda de la clase. Cualquier reserva que solicite un reembolso fuera de los 5 &hellip; <\/p>\n<p class=\"link-more\"><a href=\"https:\/\/www.eliasperkis.com\/bike\/es\/terminos-y-condiciones\/\" class=\"more-link\">Continue reading<span class=\"screen-reader-text\"> &#8220;T\u00e9rminos y Condiciones&#8221;<\/span><\/a><\/p>\n","protected":false},"author":1,"featured_media":0,"parent":0,"menu_order":0,"comment_status":"closed","ping_status":"closed","template":"","meta":{"_monsterinsights_skip_tracking":false,"_monsterinsights_sitenote_active":false,"_monsterinsights_sitenote_note":"","_monsterinsights_sitenote_category":0,"footnotes":""},"class_list":["post-881","page","type-page","status-publish","hentry"],"aioseo_notices":[],"rttpg_featured_image_url":null,"rttpg_author":{"display_name":"eliasperkis","author_link":"https:\/\/www.eliasperkis.com\/bike\/author\/eliasperkis\/"},"rttpg_comment":0,"rttpg_category":" <a href=\"https:\/\/www.eliasperkis.com\/bike\/es\/\" rel=\"tag\">Espa\u00f1ol<\/a>","rttpg_excerpt":"\u2028T\u00e9rminos y condiciones SI TIENES QUE CANCELAR O CAMBIAR TU RESERVA Para tratar de ser lo m\u00e1s justos posible con nuestros clientes, le damos la oportunidad de transferir su reserva\/vale a otra fecha de forma gratuita hasta 5 d\u00edas antes del d\u00eda de la clase. Cualquier reserva que solicite un reembolso fuera de los 5&hellip;","_links":{"self":[{"href":"https:\/\/www.eliasperkis.com\/bike\/wp-json\/wp\/v2\/pages\/881","targetHints":{"allow":["GET"]}}],"collection":[{"href":"https:\/\/www.eliasperkis.com\/bike\/wp-json\/wp\/v2\/pages"}],"about":[{"href":"https:\/\/www.eliasperkis.com\/bike\/wp-json\/wp\/v2\/types\/page"}],"author":[{"embeddable":true,"href":"https:\/\/www.eliasperkis.com\/bike\/wp-json\/wp\/v2\/users\/1"}],"replies":[{"embeddable":true,"href":"https:\/\/www.eliasperkis.com\/bike\/wp-json\/wp\/v2\/comments?post=881"}],"version-history":[{"count":2,"href":"https:\/\/www.eliasperkis.com\/bike\/wp-json\/wp\/v2\/pages\/881\/revisions"}],"predecessor-version":[{"id":911,"href":"https:\/\/www.eliasperkis.com\/bike\/wp-json\/wp\/v2\/pages\/881\/revisions\/911"}],"wp:attachment":[{"href":"https:\/\/www.eliasperkis.com\/bike\/wp-json\/wp\/v2\/media?parent=881"}],"curies":[{"name":"wp","href":"https:\/\/api.w.org\/{rel}","templated":true}]}}