{"id":535,"date":"2020-07-23T18:54:27","date_gmt":"2020-07-23T18:54:27","guid":{"rendered":"https:\/\/www.eliasperkis.com\/bike\/?page_id=535"},"modified":"2020-09-08T16:38:33","modified_gmt":"2020-09-08T16:38:33","slug":"clases-particulares","status":"publish","type":"page","link":"https:\/\/www.eliasperkis.com\/bike\/es\/clases-particulares\/","title":{"rendered":"Clases Particulares"},"content":{"rendered":"<div id=\"pl-535\"  class=\"panel-layout\" ><div id=\"pg-535-0\"  class=\"panel-grid panel-no-style\" ><div id=\"pgc-535-0-0\"  class=\"panel-grid-cell panel-grid-cell-empty\" ><\/div><\/div><div id=\"pg-535-1\"  class=\"panel-grid panel-no-style\" ><div id=\"pgc-535-1-0\"  class=\"panel-grid-cell\" ><div id=\"panel-535-1-0-0\" class=\"so-panel widget widget_sow-editor panel-first-child\" data-index=\"0\" ><div\n\t\t\t\n\t\t\tclass=\"so-widget-sow-editor so-widget-sow-editor-base\"\n\t\t\t\n\t\t>\n<div class=\"siteorigin-widget-tinymce textwidget\">\n\t<div id=\"Content\">\n<h1 style=\"text-align: center;\">Ampl\u00eda tus conocimientos, fortalece tu confianza, gana m\u00e1s salud y bienestar.<\/h1>\n<div id=\"bannerL\">\n<p style=\"text-align: center;\">Nuestras <strong>Clases Particulares y Asistencia Personal<\/strong> para nuevos ciclistas son creadas a t\u00fa medida para transformar tus paseos y desplazamientos urbanos en una experiencia realmente satisfactoria.<\/p>\n<p style=\"text-align: center;\"><strong>EN TODAS TUS CLASES OBTIENES <\/strong><strong>CONSEJOS, <\/strong><strong>ASESOR\u00cdA<\/strong><strong>,<\/strong><strong> Y ACOMPA\u00d1AMIENTO <\/strong><strong>EN LAS SIGUIENTES \u00c1REAS:<br \/>\n<\/strong><\/p>\n<p style=\"text-align: center;\">\u2022 Conoce tu bicicleta<br \/>\n\u2022 Bike Fit<br \/>\n\u2022 Vestimenta<br \/>\n\u2022 Accesorios<br \/>\n\u2022 Mec\u00e1nica<br \/>\n\u2022 Nutrici\u00f3n<br \/>\n\u2022 Acondicionamiento F\u00edsico<br \/>\n\u2022 Concienciaci\u00f3n<br \/>\n\u2022 Motivaci\u00f3n<\/p>\n<\/div>\n<\/div>\n<\/div>\n<\/div><\/div><div id=\"panel-535-1-0-1\" class=\"so-panel widget widget_sow-accordion\" data-index=\"1\" ><div\n\t\t\t\n\t\t\tclass=\"so-widget-sow-accordion so-widget-sow-accordion-default-ac92d21ac92a-535\"\n\t\t\t\n\t\t><h3 class=\"widget-title\">Te apoyamos si ya montas en bici, o si te gustar\u00eda hacerlo, para ir al trabajo o a la escuela, por salud, para hacer turismo, deporte u ocio.<\/h3><div>\n\t<div class=\"sow-accordion\">\n\t\t\t<div class=\"sow-accordion-panel\n\t\t\t\t\t\"\n\t\t\t\tdata-anchor-id=\"valor\">\n\t\t\t\t\t<div class=\"sow-accordion-panel-header-container\" role=\"heading\" aria-level=\"2\">\n\t\t\t\t\t<div class=\"sow-accordion-panel-header\" tabindex=\"0\" role=\"button\" id=\"accordion-label-valor\" aria-controls=\"accordion-content-valor\" aria-expanded=\"false\">\n\t\t\t\t\t\t<div class=\"sow-accordion-title sow-accordion-title-icon-left\">\n\t\t\t\t\t\t\t\t\t\t\t\t\t\tVALOR\t\t\t\t\t\t\t\t\t\t\t\t\t<\/div>\n\t\t\t\t\t\t<div class=\"sow-accordion-open-close-button\">\n\t\t\t\t\t\t\t<div class=\"sow-accordion-open-button\">\n\t\t\t\t\t\t\t\t<span class=\"sow-icon-ionicons\" data-sow-icon=\"&#xf218;\"\n\t\t \n\t\taria-hidden=\"true\"><\/span>\t\t\t\t\t\t\t<\/div>\n\t\t\t\t\t\t\t<div class=\"sow-accordion-close-button\">\n\t\t\t\t\t\t\t\t<span class=\"sow-icon-ionicons\" data-sow-icon=\"&#xf209;\"\n\t\t \n\t\taria-hidden=\"true\"><\/span>\t\t\t\t\t\t\t<\/div>\n\t\t\t\t\t\t<\/div>\n\t\t\t\t\t<\/div>\n\t\t\t\t<\/div>\n\n\t\t\t<div\n\t\t\t\tclass=\"sow-accordion-panel-content\"\n\t\t\t\trole=\"region\"\n\t\t\t\taria-labelledby=\"accordion-label-valor\"\n\t\t\t\tid=\"accordion-content-valor\"\n\t\t\t\tstyle=\"display: none;\"\t\t\t>\n\t\t\t\t<div class=\"sow-accordion-panel-border\">\n\t\t\t\t\t<h4 style=\"text-align: center;\">\u00a030 \u20ac<\/h4>\n<ul>\n<li style=\"text-align: center;\">Valor por clase \/ Duraci\u00f3n: 2 horas. \/ Para una sola persona, una pareja o dos miembros de la familia.<\/li>\n<li style=\"text-align: center;\">Clases, Consejos, Asesor\u00edas y Acompa\u00f1amiento disponibles via Presencial, Telef\u00f3nica o Video Conferencia.<\/li>\n<li style=\"text-align: center;\">Clases y Valores disponibles tambi\u00e9n para alumnos fuera de la Uni\u00f3n Europea. Cont\u00e1ctanos <a href=\"https:\/\/www.eliasperkis.com\/bike\/es\/contactame\/\">AQU\u00cd<\/a>.<\/li>\n<li style=\"text-align: center;\">Edad m\u00ednima: 18* a\u00f1os (*o acompa\u00f1ado por un adulto).<\/li>\n<\/ul>\n\t\t\t\t<\/div>\n\t\t\t<\/div>\n\t\t<\/div>\n\t\t\t<div class=\"sow-accordion-panel\n\t\t\t\t\t\"\n\t\t\t\tdata-anchor-id=\"como-funcionan\">\n\t\t\t\t\t<div class=\"sow-accordion-panel-header-container\" role=\"heading\" aria-level=\"2\">\n\t\t\t\t\t<div class=\"sow-accordion-panel-header\" tabindex=\"0\" role=\"button\" id=\"accordion-label-como-funcionan\" aria-controls=\"accordion-content-como-funcionan\" aria-expanded=\"false\">\n\t\t\t\t\t\t<div class=\"sow-accordion-title sow-accordion-title-icon-left\">\n\t\t\t\t\t\t\t\t\t\t\t\t\t\tCOMO FUNCIONAN ?\t\t\t\t\t\t\t\t\t\t\t\t\t<\/div>\n\t\t\t\t\t\t<div class=\"sow-accordion-open-close-button\">\n\t\t\t\t\t\t\t<div class=\"sow-accordion-open-button\">\n\t\t\t\t\t\t\t\t<span class=\"sow-icon-ionicons\" data-sow-icon=\"&#xf218;\"\n\t\t \n\t\taria-hidden=\"true\"><\/span>\t\t\t\t\t\t\t<\/div>\n\t\t\t\t\t\t\t<div class=\"sow-accordion-close-button\">\n\t\t\t\t\t\t\t\t<span class=\"sow-icon-ionicons\" data-sow-icon=\"&#xf209;\"\n\t\t \n\t\taria-hidden=\"true\"><\/span>\t\t\t\t\t\t\t<\/div>\n\t\t\t\t\t\t<\/div>\n\t\t\t\t\t<\/div>\n\t\t\t\t<\/div>\n\n\t\t\t<div\n\t\t\t\tclass=\"sow-accordion-panel-content\"\n\t\t\t\trole=\"region\"\n\t\t\t\taria-labelledby=\"accordion-label-como-funcionan\"\n\t\t\t\tid=\"accordion-content-como-funcionan\"\n\t\t\t\tstyle=\"display: none;\"\t\t\t>\n\t\t\t\t<div class=\"sow-accordion-panel-border\">\n\t\t\t\t\t<ul>\n<li style=\"text-align: center;\"><strong>Clases Particulares a medida<\/strong><br \/>\nDependiendo de tu nivel de habilidad y requisitos individuales, desarrollaremos un plan de clases totalmente adaptado a tus necesidades espec\u00edficas, sin prisa.<\/li>\n<li style=\"text-align: center;\"><strong>Tu Asistente Personal<\/strong><br \/>\nSeremos tu Asistente Personal para ayudarte en la adquisici\u00f3n de tu primera (o pr\u00f3xima) bicicleta, as\u00ed como los accesorios y equipamiento que se ajusten a tus necesidades, especificaciones y presupuesto. Te entregaremos el conocimiento y la motivaci\u00f3n necesaria para responder tus preguntas, aclarar dudas y disipar miedos.<\/li>\n<li style=\"text-align: center;\"><strong>Comienza desde cero o vuelve a la actividad<\/strong><br \/>\nTe familiarizaremos con la bicicleta, los cambios, frenos y el equilibrio. Ampl\u00edaremos tus conocimientos y confianza con informaci\u00f3nes, apoyo y consejos sobre los h\u00e1bitos del ciclismo.<\/li>\n<li style=\"text-align: center;\"><strong>Conduce con seguridad y confianza<\/strong><br \/>\nAmpl\u00edaremos tus conocimientos y uso de la bicicleta, tu cuerpo y tu equipamiento, trabajaremos con las habilidades que m\u00e1s desees desarrollar para conducir en ciclovias, carreteras y senderos.<\/li>\n<li style=\"text-align: center;\"><strong>Circula<\/strong><br \/>\nDescubrir\u00e1s y aplicar\u00e1s t\u00e9cnicas de ciclismo seguro en la ciudad o en los senderos y las reglas b\u00e1sicas para paseos individuales o en grupo.<\/li>\n<li style=\"text-align: center;\"><strong>Crea una Ruta A &gt; B<\/strong><br \/>\nAprender\u00e1s como preparar, crear y ejecutar rutas seguras para desplazarse por la ciudad, senderos o viajes de aventura a trav\u00e9s de tu pa\u00eds.<\/li>\n<\/ul>\n\t\t\t\t<\/div>\n\t\t\t<\/div>\n\t\t<\/div>\n\t\t<\/div>\n<\/div>\n<\/div><\/div><div id=\"panel-535-1-0-2\" class=\"so-panel widget widget_sow-button panel-last-child\" data-index=\"2\" ><div\n\t\t\t\n\t\t\tclass=\"so-widget-sow-button so-widget-sow-button-flat-b6e65b51d0be-535\"\n\t\t\t\n\t\t><div class=\"ow-button-base ow-button-align-center\"\n>\n\t\t\t<a\n\t\t\t\t\thref=\"https:\/\/www.eliasperkis.com\/bike\/es\/reservas\/\"\n\t\t\t\t\tclass=\"sowb-button ow-icon-placement-top ow-button-hover\" \t>\n\t\t<span>\n\t\t\t<span class=\"sow-icon-fontawesome sow-far\" data-sow-icon=\"&#xf073;\"\n\t\tstyle=\"color: #000000\" \n\t\taria-hidden=\"true\"><\/span>\n\t\t\tReserva tu Clase Particular\t\t<\/span>\n\t\t\t<\/a>\n\t<\/div>\n<\/div><\/div><\/div><\/div><\/div>","protected":false},"excerpt":{"rendered":"<p>Ampl\u00eda tus conocimientos, fortalece tu confianza, gana m\u00e1s salud y bienestar. Nuestras Clases Particulares y Asistencia Personal para nuevos ciclistas son creadas a t\u00fa medida para transformar tus paseos y desplazamientos urbanos en una experiencia realmente satisfactoria. EN TODAS TUS CLASES OBTIENES CONSEJOS, ASESOR\u00cdA, Y ACOMPA\u00d1AMIENTO EN LAS SIGUIENTES \u00c1REAS: \u2022 Conoce tu bicicleta \u2022 &hellip; <\/p>\n<p class=\"link-more\"><a href=\"https:\/\/www.eliasperkis.com\/bike\/es\/clases-particulares\/\" class=\"more-link\">Continue reading<span class=\"screen-reader-text\"> &#8220;Clases Particulares&#8221;<\/span><\/a><\/p>\n","protected":false},"author":1,"featured_media":1536,"parent":0,"menu_order":0,"comment_status":"closed","ping_status":"closed","template":"","meta":{"_monsterinsights_skip_tracking":false,"_monsterinsights_sitenote_active":false,"_monsterinsights_sitenote_note":"","_monsterinsights_sitenote_category":0,"footnotes":""},"class_list":["post-535","page","type-page","status-publish","has-post-thumbnail","hentry"],"aioseo_notices":[],"rttpg_featured_image_url":{"full":["https:\/\/www.eliasperkis.com\/bike\/wp-content\/uploads\/2020\/08\/TK19_WEB_Marquees_3000x1688_Hybrid3.jpeg",1440,811,false],"landscape":["https:\/\/www.eliasperkis.com\/bike\/wp-content\/uploads\/2020\/08\/TK19_WEB_Marquees_3000x1688_Hybrid3.jpeg",1440,811,false],"portraits":["https:\/\/www.eliasperkis.com\/bike\/wp-content\/uploads\/2020\/08\/TK19_WEB_Marquees_3000x1688_Hybrid3.jpeg",1440,811,false],"thumbnail":["https:\/\/www.eliasperkis.com\/bike\/wp-content\/uploads\/2020\/08\/TK19_WEB_Marquees_3000x1688_Hybrid3-150x150.jpeg",150,150,true],"medium":["https:\/\/www.eliasperkis.com\/bike\/wp-content\/uploads\/2020\/08\/TK19_WEB_Marquees_3000x1688_Hybrid3-300x169.jpeg",300,169,true],"large":["https:\/\/www.eliasperkis.com\/bike\/wp-content\/uploads\/2020\/08\/TK19_WEB_Marquees_3000x1688_Hybrid3-1024x577.jpeg",525,296,true],"1536x1536":["https:\/\/www.eliasperkis.com\/bike\/wp-content\/uploads\/2020\/08\/TK19_WEB_Marquees_3000x1688_Hybrid3.jpeg",1440,811,false],"2048x2048":["https:\/\/www.eliasperkis.com\/bike\/wp-content\/uploads\/2020\/08\/TK19_WEB_Marquees_3000x1688_Hybrid3.jpeg",1440,811,false],"twentyseventeen-featured-image":["https:\/\/www.eliasperkis.com\/bike\/wp-content\/uploads\/2020\/08\/TK19_WEB_Marquees_3000x1688_Hybrid3.jpeg",1440,811,false],"twentyseventeen-thumbnail-avatar":["https:\/\/www.eliasperkis.com\/bike\/wp-content\/uploads\/2020\/08\/TK19_WEB_Marquees_3000x1688_Hybrid3-100x100.jpeg",100,100,true],"sow-carousel-default":["https:\/\/www.eliasperkis.com\/bike\/wp-content\/uploads\/2020\/08\/TK19_WEB_Marquees_3000x1688_Hybrid3-272x182.jpeg",272,182,true]},"rttpg_author":{"display_name":"eliasperkis","author_link":"https:\/\/www.eliasperkis.com\/bike\/author\/eliasperkis\/"},"rttpg_comment":0,"rttpg_category":" <a href=\"https:\/\/www.eliasperkis.com\/bike\/es\/\" rel=\"tag\">Espa\u00f1ol<\/a>","rttpg_excerpt":"Ampl\u00eda tus conocimientos, fortalece tu confianza, gana m\u00e1s salud y bienestar. Nuestras Clases Particulares y Asistencia Personal para nuevos ciclistas son creadas a t\u00fa medida para transformar tus paseos y desplazamientos urbanos en una experiencia realmente satisfactoria. EN TODAS TUS CLASES OBTIENES CONSEJOS, ASESOR\u00cdA, Y ACOMPA\u00d1AMIENTO EN LAS SIGUIENTES \u00c1REAS: \u2022 Conoce tu bicicleta \u2022&hellip;","_links":{"self":[{"href":"https:\/\/www.eliasperkis.com\/bike\/wp-json\/wp\/v2\/pages\/535","targetHints":{"allow":["GET"]}}],"collection":[{"href":"https:\/\/www.eliasperkis.com\/bike\/wp-json\/wp\/v2\/pages"}],"about":[{"href":"https:\/\/www.eliasperkis.com\/bike\/wp-json\/wp\/v2\/types\/page"}],"author":[{"embeddable":true,"href":"https:\/\/www.eliasperkis.com\/bike\/wp-json\/wp\/v2\/users\/1"}],"replies":[{"embeddable":true,"href":"https:\/\/www.eliasperkis.com\/bike\/wp-json\/wp\/v2\/comments?post=535"}],"version-history":[{"count":237,"href":"https:\/\/www.eliasperkis.com\/bike\/wp-json\/wp\/v2\/pages\/535\/revisions"}],"predecessor-version":[{"id":2527,"href":"https:\/\/www.eliasperkis.com\/bike\/wp-json\/wp\/v2\/pages\/535\/revisions\/2527"}],"wp:featuredmedia":[{"embeddable":true,"href":"https:\/\/www.eliasperkis.com\/bike\/wp-json\/wp\/v2\/media\/1536"}],"wp:attachment":[{"href":"https:\/\/www.eliasperkis.com\/bike\/wp-json\/wp\/v2\/media?parent=535"}],"curies":[{"name":"wp","href":"https:\/\/api.w.org\/{rel}","templated":true}]}}