{"id":512,"date":"2020-07-23T17:59:47","date_gmt":"2020-07-23T17:59:47","guid":{"rendered":"https:\/\/www.eliasperkis.com\/bike\/?page_id=512"},"modified":"2021-06-22T16:37:03","modified_gmt":"2021-06-22T16:37:03","slug":"contacte-nos","status":"publish","type":"page","link":"https:\/\/www.eliasperkis.com\/bike\/contacte-nos\/","title":{"rendered":"Contacte-nos"},"content":{"rendered":"<div id=\"pl-512\"  class=\"panel-layout\" ><div id=\"pg-512-0\"  class=\"panel-grid panel-no-style\" ><div id=\"pgc-512-0-0\"  class=\"panel-grid-cell panel-grid-cell-empty\" ><\/div><\/div><div id=\"pg-512-1\"  class=\"panel-grid panel-no-style\" ><div id=\"pgc-512-1-0\"  class=\"panel-grid-cell\" ><div id=\"panel-512-1-0-0\" class=\"so-panel widget widget_sow-editor panel-first-child\" data-index=\"0\" ><div\n\t\t\t\n\t\t\tclass=\"so-widget-sow-editor so-widget-sow-editor-base\"\n\t\t\t\n\t\t>\n<div class=\"siteorigin-widget-tinymce textwidget\">\n\t<h1 style=\"text-align: center;\">Aulas para todos!<\/h1>\n<p style=\"text-align: center;\">Existe um n\u00edvel de <strong>RIDE SMARTER\u00ae<\/strong> que lhe conv\u00e9m, esteja apenas a come\u00e7ar ou deseje andar de bicicleta com mais frequ\u00eancia e mais seguran\u00e7a.<\/p>\n<h3 style=\"text-align: center;\"><strong>Interessado?<\/strong><\/h3>\n<p style=\"text-align: center;\">Basta pegar o seu telefone!<\/p>\n<p style=\"text-align: center;\"><strong><img loading=\"lazy\" decoding=\"async\" class=\"wp-image-305 aligncenter\" src=\"https:\/\/www.eliasperkis.com\/bike\/wp-content\/uploads\/2020\/07\/profile-3-300x300.png\" alt=\"\" width=\"100\" height=\"100\" \/><\/strong><\/p>\n<p style=\"text-align: center;\"><strong>ELIAS PERKIS<br \/>\n<\/strong>+351 910 453 109<\/p>\n<h3 style=\"text-align: center;\"><strong>Onde estamos?<br \/>\n<\/strong><\/h3>\n<p style=\"text-align: center;\">Cascais, Portugal<\/p>\n<p style=\"text-align: center;\"><iframe src=\"https:\/\/maps.google.com\/maps?q=Cascais%2C%20Portugal&amp;t=m&amp;z=11&amp;output=embed&amp;iwloc=near\" frameborder=\"0\" marginwidth=\"0\" marginheight=\"0\" scrolling=\"no\" aria-label=\"Cascais, Portugal\" data-mce-fragment=\"1\"><\/iframe><\/p>\n<h3 style=\"text-align: center;\">Fazer parte da sua progress\u00e3o \u00e9 o que nos motiva.<\/h3>\n<h3 style=\"text-align: center;\"><strong><a href=\"https:\/\/www.eliasperkis.com\/bike\/pt\/reserva\/\">RESERVE AQU\u00cd<\/a><\/strong><\/h3>\n<p style=\"text-align: center;\">a sua pr\u00f3xima aula <strong>RIDE SMARTER\u00ae<\/strong> ou<\/p>\n<\/div>\n<\/div><\/div><div id=\"panel-512-1-0-1\" class=\"so-panel widget widget_sow-contact-form panel-last-child\" data-index=\"1\" ><div\n\t\t\t\n\t\t\tclass=\"so-widget-sow-contact-form so-widget-sow-contact-form-default-c1b2a48990a2-512\"\n\t\t\t\n\t\t><h3 class=\"widget-title\">CONTACTE-NOS para uma aula gratuita e sem compromisso.<\/h3>\t<form\n\t\taction=\"\/bike\/wp-json\/wp\/v2\/pages\/512\"\n\t\tmethod=\"POST\"\n\t\tclass=\"sow-contact-form\"\n\t\tid=\"contact-form-63e0\"\n\t>\n\n\t\t\n\t\t\t\t\t<div class=\"sow-form-field sow-form-field-name\">\n\t\t\t\t<label class=\"sow-form-field-label-above\" for=\"sow-contact-form-field-o-seu-nome-1\">\n\t\t\t\t<strong>\n\t\t\t\t\tO seu nome\t\t\t\t\t\t\t\t\t<\/strong>\n\t\t\t<\/label>\n\t\t\t\t\t\t\t<div class=\"sow-field-container\">\n\t\t\t\t\t\t\t<input\n\t\t\ttype=\"text\"\n\t\t\tname=\"o-seu-nome-1\"\n\t\t\tid=\"sow-contact-form-field-o-seu-nome-1\"\n\t\t\tvalue=\"\"\n\t\t\tclass=\"sow-text-field\"\n\t\t\t\t\t\taria-describedby=\"sow-contact-form-field-o-seu-nome-1-description\" \t\t\/>\n\t\t\t\t\t\t\t\t<div\n\t\t\t\t\t\t\tclass=\"sow-form-field-description\"\n\t\t\t\t\t\t\tid=\"sow-contact-form-field-o-seu-nome-1-description\"\n\t\t\t\t\t\t>\n\t\t\t\t\t\t\tPor favor introduza o seu nome\t\t\t\t\t\t<\/div>\n\t\t\t\t\t\t\t\t\t\t<\/div>\n\t\t\t\t\t\t\t<\/div>\n\t\t\t\t\t\t<div class=\"sow-form-field sow-form-field-email\">\n\t\t\t\t<label class=\"sow-form-field-label-above\" for=\"sow-contact-form-field-o-seu-e-mail-1\">\n\t\t\t\t<strong>\n\t\t\t\t\tO seu e-mail\t\t\t\t\t\t\t\t\t<\/strong>\n\t\t\t<\/label>\n\t\t\t\t\t\t\t<div class=\"sow-field-container\">\n\t\t\t\t\t\t\t<input\n\t\t\ttype=\"email\"\n\t\t\tname=\"o-seu-e-mail-1\"\n\t\t\tid=\"sow-contact-form-field-o-seu-e-mail-1\"\n\t\t\tvalue=\"\"\n\t\t\tclass=\"sow-text-field\"\t\t\taria-describedby=\"sow-contact-form-field-o-seu-e-mail-1-description\" \t\t\t\t\t\/>\n\t\t\t\t\t\t\t\t<div\n\t\t\t\t\t\t\tclass=\"sow-form-field-description\"\n\t\t\t\t\t\t\tid=\"sow-contact-form-field-o-seu-e-mail-1-description\"\n\t\t\t\t\t\t>\n\t\t\t\t\t\t\tPor favor introduza um endere\u00e7o de e-mail\t\t\t\t\t\t<\/div>\n\t\t\t\t\t\t\t\t\t\t<\/div>\n\t\t\t\t\t\t\t<\/div>\n\t\t\t\t\t\t<div class=\"sow-form-field sow-form-field-subject\">\n\t\t\t\t<label class=\"sow-form-field-label-above\" for=\"sow-contact-form-field-assunto-1\">\n\t\t\t\t<strong>\n\t\t\t\t\tAssunto\t\t\t\t\t\t\t\t\t<\/strong>\n\t\t\t<\/label>\n\t\t\t\t\t\t\t<div class=\"sow-field-container\">\n\t\t\t\t\t\t\t<input\n\t\t\ttype=\"text\"\n\t\t\tname=\"assunto-1\"\n\t\t\tid=\"sow-contact-form-field-assunto-1\"\n\t\t\tvalue=\"\"\n\t\t\tclass=\"sow-text-field\"\n\t\t\t\t\t\taria-describedby=\"sow-contact-form-field-assunto-1-description\" \t\t\/>\n\t\t\t\t\t\t\t\t<div\n\t\t\t\t\t\t\tclass=\"sow-form-field-description\"\n\t\t\t\t\t\t\tid=\"sow-contact-form-field-assunto-1-description\"\n\t\t\t\t\t\t>\n\t\t\t\t\t\t\tPor favor, introduza um assunto\t\t\t\t\t\t<\/div>\n\t\t\t\t\t\t\t\t\t\t<\/div>\n\t\t\t\t\t\t\t<\/div>\n\t\t\t\t\t\t<div class=\"sow-form-field sow-form-field-textarea\">\n\t\t\t\t<label class=\"sow-form-field-label-above\" for=\"sow-contact-form-field-mensagem-1\">\n\t\t\t\t<strong>\n\t\t\t\t\tMensagem\t\t\t\t\t\t\t\t\t<\/strong>\n\t\t\t<\/label>\n\t\t\t\t\t\t\t<div class=\"sow-field-container\">\n\t\t\t\t\t\t\t<textarea\n\t\t\tname=\"mensagem-1\"\n\t\t\tid=\"sow-contact-form-field-mensagem-1\"\n\t\t\trows=\"10\"\n\t\t\t\t\t\taria-describedby=\"sow-contact-form-field-mensagem-1-description\" \t\t><\/textarea>\n\t\t\t\t\t\t\t\t<div\n\t\t\t\t\t\t\tclass=\"sow-form-field-description\"\n\t\t\t\t\t\t\tid=\"sow-contact-form-field-mensagem-1-description\"\n\t\t\t\t\t\t>\n\t\t\t\t\t\t\tPor favor escreva a sua mensagem\t\t\t\t\t\t<\/div>\n\t\t\t\t\t\t\t\t\t\t<\/div>\n\t\t\t\t\t\t\t<\/div>\n\t\t\t\n\t\t\t\t\t<div class=\"sow-recaptcha\"\n\t\t\t\t\t\t\t\t\tdata-config=\"{&quot;sitekey&quot;:&quot;6Lc5mU0bAAAAAKwIprfsLPeP4M6wxek6q-CF114R&quot;,&quot;theme&quot;:&quot;light&quot;,&quot;type&quot;:&quot;image&quot;,&quot;size&quot;:&quot;normal&quot;}\"\n\t\t\t\t\t\t\t><\/div>\n\t\t\t\n\t\t<div class=\"sow-submit-wrapper \n\t\tsow-submit-styled\t\t\">\n\n\t\t\t<button\n\t\t\t\ttype=\"submit\"\n\t\t\t\tclass=\"sow-submit\n\t\t\t\t\t\t\t\t\"\n\t\t\t\t\t\t\t>\n\t\t\t\tENVIAR\t\t\t<\/button>\n\t\t<\/div>\n\t\t\t\t<input\n\t\t\ttype=\"hidden\"\n\t\t\tname=\"instance_hash-1\"\n\t\t\tvalue=\"63e03b29\"\n\t\t\/>\n\n\t\t<input type=\"hidden\" id=\"_wpnonce\" name=\"_wpnonce\" value=\"ddb00006a0\" \/><input type=\"hidden\" name=\"_wp_http_referer\" value=\"\/bike\/wp-json\/wp\/v2\/pages\/512\" \/>\t<\/form>\n\t<\/div><\/div><\/div><\/div><\/div>","protected":false},"excerpt":{"rendered":"<p>Aulas para todos! Existe um n\u00edvel de RIDE SMARTER\u00ae que lhe conv\u00e9m, esteja apenas a come\u00e7ar ou deseje andar de bicicleta com mais frequ\u00eancia e mais seguran\u00e7a. Interessado? Basta pegar o seu telefone! ELIAS PERKIS +351 910 453 109 Onde estamos? Cascais, Portugal Fazer parte da sua progress\u00e3o \u00e9 o que nos motiva. RESERVE AQU\u00cd &hellip; <\/p>\n<p class=\"link-more\"><a href=\"https:\/\/www.eliasperkis.com\/bike\/contacte-nos\/\" class=\"more-link\">Continue reading<span class=\"screen-reader-text\"> &#8220;Contacte-nos&#8221;<\/span><\/a><\/p>\n","protected":false},"author":1,"featured_media":1012,"parent":0,"menu_order":0,"comment_status":"closed","ping_status":"closed","template":"","meta":{"_monsterinsights_skip_tracking":false,"_monsterinsights_sitenote_active":false,"_monsterinsights_sitenote_note":"","_monsterinsights_sitenote_category":0,"footnotes":""},"class_list":["post-512","page","type-page","status-publish","has-post-thumbnail","hentry"],"aioseo_notices":[],"rttpg_featured_image_url":{"full":["https:\/\/www.eliasperkis.com\/bike\/wp-content\/uploads\/2020\/07\/planyourroute03-2.jpeg",1440,810,false],"landscape":["https:\/\/www.eliasperkis.com\/bike\/wp-content\/uploads\/2020\/07\/planyourroute03-2.jpeg",1440,810,false],"portraits":["https:\/\/www.eliasperkis.com\/bike\/wp-content\/uploads\/2020\/07\/planyourroute03-2.jpeg",1440,810,false],"thumbnail":["https:\/\/www.eliasperkis.com\/bike\/wp-content\/uploads\/2020\/07\/planyourroute03-2-150x150.jpeg",150,150,true],"medium":["https:\/\/www.eliasperkis.com\/bike\/wp-content\/uploads\/2020\/07\/planyourroute03-2-300x169.jpeg",300,169,true],"large":["https:\/\/www.eliasperkis.com\/bike\/wp-content\/uploads\/2020\/07\/planyourroute03-2-1024x576.jpeg",525,295,true],"1536x1536":["https:\/\/www.eliasperkis.com\/bike\/wp-content\/uploads\/2020\/07\/planyourroute03-2.jpeg",1440,810,false],"2048x2048":["https:\/\/www.eliasperkis.com\/bike\/wp-content\/uploads\/2020\/07\/planyourroute03-2.jpeg",1440,810,false],"twentyseventeen-featured-image":["https:\/\/www.eliasperkis.com\/bike\/wp-content\/uploads\/2020\/07\/planyourroute03-2.jpeg",1440,810,false],"twentyseventeen-thumbnail-avatar":["https:\/\/www.eliasperkis.com\/bike\/wp-content\/uploads\/2020\/07\/planyourroute03-2-100x100.jpeg",100,100,true],"sow-carousel-default":["https:\/\/www.eliasperkis.com\/bike\/wp-content\/uploads\/2020\/07\/planyourroute03-2-272x182.jpeg",272,182,true]},"rttpg_author":{"display_name":"eliasperkis","author_link":"https:\/\/www.eliasperkis.com\/bike\/author\/eliasperkis\/"},"rttpg_comment":0,"rttpg_category":" <a href=\"https:\/\/www.eliasperkis.com\/bike\/\" rel=\"tag\">Portugu\u00eas<\/a>","rttpg_excerpt":"Aulas para todos! Existe um n\u00edvel de RIDE SMARTER\u00ae que lhe conv\u00e9m, esteja apenas a come\u00e7ar ou deseje andar de bicicleta com mais frequ\u00eancia e mais seguran\u00e7a. Interessado? Basta pegar o seu telefone! ELIAS PERKIS +351 910 453 109 Onde estamos? Cascais, Portugal Fazer parte da sua progress\u00e3o \u00e9 o que nos motiva. RESERVE AQU\u00cd&hellip;","_links":{"self":[{"href":"https:\/\/www.eliasperkis.com\/bike\/wp-json\/wp\/v2\/pages\/512","targetHints":{"allow":["GET"]}}],"collection":[{"href":"https:\/\/www.eliasperkis.com\/bike\/wp-json\/wp\/v2\/pages"}],"about":[{"href":"https:\/\/www.eliasperkis.com\/bike\/wp-json\/wp\/v2\/types\/page"}],"author":[{"embeddable":true,"href":"https:\/\/www.eliasperkis.com\/bike\/wp-json\/wp\/v2\/users\/1"}],"replies":[{"embeddable":true,"href":"https:\/\/www.eliasperkis.com\/bike\/wp-json\/wp\/v2\/comments?post=512"}],"version-history":[{"count":81,"href":"https:\/\/www.eliasperkis.com\/bike\/wp-json\/wp\/v2\/pages\/512\/revisions"}],"predecessor-version":[{"id":2611,"href":"https:\/\/www.eliasperkis.com\/bike\/wp-json\/wp\/v2\/pages\/512\/revisions\/2611"}],"wp:featuredmedia":[{"embeddable":true,"href":"https:\/\/www.eliasperkis.com\/bike\/wp-json\/wp\/v2\/media\/1012"}],"wp:attachment":[{"href":"https:\/\/www.eliasperkis.com\/bike\/wp-json\/wp\/v2\/media?parent=512"}],"curies":[{"name":"wp","href":"https:\/\/api.w.org\/{rel}","templated":true}]}}