{"id":509,"date":"2020-07-23T17:55:54","date_gmt":"2020-07-23T17:55:54","guid":{"rendered":"https:\/\/www.eliasperkis.com\/bike\/?page_id=509"},"modified":"2021-06-22T16:37:41","modified_gmt":"2021-06-22T16:37:41","slug":"contactanos","status":"publish","type":"page","link":"https:\/\/www.eliasperkis.com\/bike\/es\/contactanos\/","title":{"rendered":"Cont\u00e1ctanos"},"content":{"rendered":"<div id=\"pl-509\"  class=\"panel-layout\" ><div id=\"pg-509-0\"  class=\"panel-grid panel-no-style\" ><div id=\"pgc-509-0-0\"  class=\"panel-grid-cell panel-grid-cell-empty\" ><\/div><\/div><div id=\"pg-509-1\"  class=\"panel-grid panel-no-style\" ><div id=\"pgc-509-1-0\"  class=\"panel-grid-cell\" ><div id=\"panel-509-1-0-0\" class=\"so-panel widget widget_sow-editor panel-first-child\" data-index=\"0\" ><div\n\t\t\t\n\t\t\tclass=\"so-widget-sow-editor so-widget-sow-editor-base\"\n\t\t\t\n\t\t>\n<div class=\"siteorigin-widget-tinymce textwidget\">\n\t<h1 style=\"text-align: center;\">Clases para todos!<\/h1>\n<p style=\"text-align: center;\">Hay un nivel de <strong>RIDE SMARTER\u00ae<\/strong> que se adapta a ti, tanto si acabas de empezar como si quieres usar la bicicleta de forma m\u00e1s segura y m\u00e1s a menudo.<\/p>\n<h3 style=\"text-align: center;\"><strong>Interesado?<\/strong><\/h3>\n<p style=\"text-align: center;\">Tan s\u00f3lo toma tu tel\u00e9fono!<\/p>\n<p style=\"text-align: center;\"><strong><img loading=\"lazy\" decoding=\"async\" class=\"wp-image-305 aligncenter\" src=\"https:\/\/www.eliasperkis.com\/bike\/wp-content\/uploads\/2020\/07\/profile-3-300x300.png\" alt=\"\" width=\"100\" height=\"100\" \/><\/strong><\/p>\n<p style=\"text-align: center;\"><strong>ELIAS PERKIS<br \/>\n<\/strong>+351 910 453 109<\/p>\n<h3 style=\"text-align: center;\"><strong>D\u00f3nde estamos?<\/strong><\/h3>\n<p style=\"text-align: center;\">Cascais, Portugal<\/p>\n<p style=\"text-align: center;\"><iframe src=\"https:\/\/maps.google.com\/maps?q=Cascais%2C%20Portugal&amp;t=m&amp;z=11&amp;output=embed&amp;iwloc=near\" frameborder=\"0\" marginwidth=\"0\" marginheight=\"0\" scrolling=\"no\" aria-label=\"Cascais, Portugal\" data-mce-fragment=\"1\"><\/iframe><\/p>\n<h3 style=\"text-align: center;\">Ser parte de tu progreso es lo que nos motiva.<\/h3>\n<h3 style=\"text-align: center;\"><strong><a href=\"https:\/\/www.eliasperkis.com\/bike\/es\/reservas\/\">RESERVA AQU\u00cd<\/a><\/strong><\/h3>\n<p style=\"text-align: center;\">tu pr\u00f3xima clase <strong>RIDE SMARTER\u00ae<\/strong> o<\/p>\n<\/div>\n<\/div><\/div><div id=\"panel-509-1-0-1\" class=\"so-panel widget widget_sow-contact-form panel-last-child\" data-index=\"1\" ><div\n\t\t\t\n\t\t\tclass=\"so-widget-sow-contact-form so-widget-sow-contact-form-default-93e2c587dbe2-509\"\n\t\t\t\n\t\t><h3 class=\"widget-title\">CONT\u00c1CTANOS para una clase gratuita y sin compromiso.<\/h3>\t<form\n\t\taction=\"\/bike\/wp-json\/wp\/v2\/pages\/509\"\n\t\tmethod=\"POST\"\n\t\tclass=\"sow-contact-form\"\n\t\tid=\"contact-form-60db\"\n\t>\n\n\t\t\n\t\t\t\t\t<div class=\"sow-form-field sow-form-field-name\">\n\t\t\t\t<label class=\"sow-form-field-label-above\" for=\"sow-contact-form-field-tu-nombre-1\">\n\t\t\t\t<strong>\n\t\t\t\t\tTu Nombre\t\t\t\t\t\t\t\t\t<\/strong>\n\t\t\t<\/label>\n\t\t\t\t\t\t\t<div class=\"sow-field-container\">\n\t\t\t\t\t\t\t<input\n\t\t\ttype=\"text\"\n\t\t\tname=\"tu-nombre-1\"\n\t\t\tid=\"sow-contact-form-field-tu-nombre-1\"\n\t\t\tvalue=\"\"\n\t\t\tclass=\"sow-text-field\"\n\t\t\t\t\t\taria-describedby=\"sow-contact-form-field-tu-nombre-1-description\" \t\t\/>\n\t\t\t\t\t\t\t\t<div\n\t\t\t\t\t\t\tclass=\"sow-form-field-description\"\n\t\t\t\t\t\t\tid=\"sow-contact-form-field-tu-nombre-1-description\"\n\t\t\t\t\t\t>\n\t\t\t\t\t\t\tPor favor, introduzca su nombre\t\t\t\t\t\t<\/div>\n\t\t\t\t\t\t\t\t\t\t<\/div>\n\t\t\t\t\t\t\t<\/div>\n\t\t\t\t\t\t<div class=\"sow-form-field sow-form-field-email\">\n\t\t\t\t<label class=\"sow-form-field-label-above\" for=\"sow-contact-form-field-tu-email-1\">\n\t\t\t\t<strong>\n\t\t\t\t\tTu Email\t\t\t\t\t\t\t\t\t<\/strong>\n\t\t\t<\/label>\n\t\t\t\t\t\t\t<div class=\"sow-field-container\">\n\t\t\t\t\t\t\t<input\n\t\t\ttype=\"email\"\n\t\t\tname=\"tu-email-1\"\n\t\t\tid=\"sow-contact-form-field-tu-email-1\"\n\t\t\tvalue=\"\"\n\t\t\tclass=\"sow-text-field\"\t\t\taria-describedby=\"sow-contact-form-field-tu-email-1-description\" \t\t\t\t\t\/>\n\t\t\t\t\t\t\t\t<div\n\t\t\t\t\t\t\tclass=\"sow-form-field-description\"\n\t\t\t\t\t\t\tid=\"sow-contact-form-field-tu-email-1-description\"\n\t\t\t\t\t\t>\n\t\t\t\t\t\t\tPor favor, introduzca su Email\t\t\t\t\t\t<\/div>\n\t\t\t\t\t\t\t\t\t\t<\/div>\n\t\t\t\t\t\t\t<\/div>\n\t\t\t\t\t\t<div class=\"sow-form-field sow-form-field-subject\">\n\t\t\t\t<label class=\"sow-form-field-label-above\" for=\"sow-contact-form-field-asunto-1\">\n\t\t\t\t<strong>\n\t\t\t\t\tAsunto\t\t\t\t\t\t\t\t\t<\/strong>\n\t\t\t<\/label>\n\t\t\t\t\t\t\t<div class=\"sow-field-container\">\n\t\t\t\t\t\t\t<input\n\t\t\ttype=\"text\"\n\t\t\tname=\"asunto-1\"\n\t\t\tid=\"sow-contact-form-field-asunto-1\"\n\t\t\tvalue=\"\"\n\t\t\tclass=\"sow-text-field\"\n\t\t\t\t\t\taria-describedby=\"sow-contact-form-field-asunto-1-description\" \t\t\/>\n\t\t\t\t\t\t\t\t<div\n\t\t\t\t\t\t\tclass=\"sow-form-field-description\"\n\t\t\t\t\t\t\tid=\"sow-contact-form-field-asunto-1-description\"\n\t\t\t\t\t\t>\n\t\t\t\t\t\t\tPor favor, introduzca un asunto o motivo para este contacto\t\t\t\t\t\t<\/div>\n\t\t\t\t\t\t\t\t\t\t<\/div>\n\t\t\t\t\t\t\t<\/div>\n\t\t\t\t\t\t<div class=\"sow-form-field sow-form-field-textarea\">\n\t\t\t\t<label class=\"sow-form-field-label-above\" for=\"sow-contact-form-field-mensaje-1\">\n\t\t\t\t<strong>\n\t\t\t\t\tMensaje\t\t\t\t\t\t\t\t\t<\/strong>\n\t\t\t<\/label>\n\t\t\t\t\t\t\t<div class=\"sow-field-container\">\n\t\t\t\t\t\t\t<textarea\n\t\t\tname=\"mensaje-1\"\n\t\t\tid=\"sow-contact-form-field-mensaje-1\"\n\t\t\trows=\"10\"\n\t\t\t\t\t\taria-describedby=\"sow-contact-form-field-mensaje-1-description\" \t\t><\/textarea>\n\t\t\t\t\t\t\t\t<div\n\t\t\t\t\t\t\tclass=\"sow-form-field-description\"\n\t\t\t\t\t\t\tid=\"sow-contact-form-field-mensaje-1-description\"\n\t\t\t\t\t\t>\n\t\t\t\t\t\t\tPor favor, escriba su mensaje.\t\t\t\t\t\t<\/div>\n\t\t\t\t\t\t\t\t\t\t<\/div>\n\t\t\t\t\t\t\t<\/div>\n\t\t\t\n\t\t\t\t\t<div class=\"sow-recaptcha\"\n\t\t\t\t\t\t\t\t\tdata-config=\"{&quot;sitekey&quot;:&quot;6Lc5mU0bAAAAAKwIprfsLPeP4M6wxek6q-CF114R&quot;,&quot;theme&quot;:&quot;light&quot;,&quot;type&quot;:&quot;image&quot;,&quot;size&quot;:&quot;normal&quot;}\"\n\t\t\t\t\t\t\t><\/div>\n\t\t\t\n\t\t<div class=\"sow-submit-wrapper \n\t\tsow-submit-styled\t\t\">\n\n\t\t\t<button\n\t\t\t\ttype=\"submit\"\n\t\t\t\tclass=\"sow-submit\n\t\t\t\t\t\t\t\t\"\n\t\t\t\t\t\t\t>\n\t\t\t\tENVIAR\t\t\t<\/button>\n\t\t<\/div>\n\t\t\t\t<input\n\t\t\ttype=\"hidden\"\n\t\t\tname=\"instance_hash-1\"\n\t\t\tvalue=\"60db59ab\"\n\t\t\/>\n\n\t\t<input type=\"hidden\" id=\"_wpnonce\" name=\"_wpnonce\" value=\"ddb00006a0\" \/><input type=\"hidden\" name=\"_wp_http_referer\" value=\"\/bike\/wp-json\/wp\/v2\/pages\/509\" \/>\t<\/form>\n\t<\/div><\/div><\/div><\/div><\/div>","protected":false},"excerpt":{"rendered":"<p>Clases para todos! Hay un nivel de RIDE SMARTER\u00ae que se adapta a ti, tanto si acabas de empezar como si quieres usar la bicicleta de forma m\u00e1s segura y m\u00e1s a menudo. Interesado? Tan s\u00f3lo toma tu tel\u00e9fono! ELIAS PERKIS +351 910 453 109 D\u00f3nde estamos? Cascais, Portugal Ser parte de tu progreso es &hellip; <\/p>\n<p class=\"link-more\"><a href=\"https:\/\/www.eliasperkis.com\/bike\/es\/contactanos\/\" class=\"more-link\">Continue reading<span class=\"screen-reader-text\"> &#8220;Cont\u00e1ctanos&#8221;<\/span><\/a><\/p>\n","protected":false},"author":1,"featured_media":1009,"parent":0,"menu_order":0,"comment_status":"closed","ping_status":"closed","template":"","meta":{"_monsterinsights_skip_tracking":false,"_monsterinsights_sitenote_active":false,"_monsterinsights_sitenote_note":"","_monsterinsights_sitenote_category":0,"footnotes":""},"class_list":["post-509","page","type-page","status-publish","has-post-thumbnail","hentry"],"aioseo_notices":[],"rttpg_featured_image_url":{"full":["https:\/\/www.eliasperkis.com\/bike\/wp-content\/uploads\/2020\/07\/planyourroute03-1.jpeg",1440,810,false],"landscape":["https:\/\/www.eliasperkis.com\/bike\/wp-content\/uploads\/2020\/07\/planyourroute03-1.jpeg",1440,810,false],"portraits":["https:\/\/www.eliasperkis.com\/bike\/wp-content\/uploads\/2020\/07\/planyourroute03-1.jpeg",1440,810,false],"thumbnail":["https:\/\/www.eliasperkis.com\/bike\/wp-content\/uploads\/2020\/07\/planyourroute03-1-150x150.jpeg",150,150,true],"medium":["https:\/\/www.eliasperkis.com\/bike\/wp-content\/uploads\/2020\/07\/planyourroute03-1-300x169.jpeg",300,169,true],"large":["https:\/\/www.eliasperkis.com\/bike\/wp-content\/uploads\/2020\/07\/planyourroute03-1-1024x576.jpeg",525,295,true],"1536x1536":["https:\/\/www.eliasperkis.com\/bike\/wp-content\/uploads\/2020\/07\/planyourroute03-1.jpeg",1440,810,false],"2048x2048":["https:\/\/www.eliasperkis.com\/bike\/wp-content\/uploads\/2020\/07\/planyourroute03-1.jpeg",1440,810,false],"twentyseventeen-featured-image":["https:\/\/www.eliasperkis.com\/bike\/wp-content\/uploads\/2020\/07\/planyourroute03-1.jpeg",1440,810,false],"twentyseventeen-thumbnail-avatar":["https:\/\/www.eliasperkis.com\/bike\/wp-content\/uploads\/2020\/07\/planyourroute03-1-100x100.jpeg",100,100,true],"sow-carousel-default":["https:\/\/www.eliasperkis.com\/bike\/wp-content\/uploads\/2020\/07\/planyourroute03-1-272x182.jpeg",272,182,true]},"rttpg_author":{"display_name":"eliasperkis","author_link":"https:\/\/www.eliasperkis.com\/bike\/author\/eliasperkis\/"},"rttpg_comment":0,"rttpg_category":" <a href=\"https:\/\/www.eliasperkis.com\/bike\/es\/\" rel=\"tag\">Espa\u00f1ol<\/a>","rttpg_excerpt":"Clases para todos! Hay un nivel de RIDE SMARTER\u00ae que se adapta a ti, tanto si acabas de empezar como si quieres usar la bicicleta de forma m\u00e1s segura y m\u00e1s a menudo. Interesado? Tan s\u00f3lo toma tu tel\u00e9fono! ELIAS PERKIS +351 910 453 109 D\u00f3nde estamos? Cascais, Portugal Ser parte de tu progreso es&hellip;","_links":{"self":[{"href":"https:\/\/www.eliasperkis.com\/bike\/wp-json\/wp\/v2\/pages\/509","targetHints":{"allow":["GET"]}}],"collection":[{"href":"https:\/\/www.eliasperkis.com\/bike\/wp-json\/wp\/v2\/pages"}],"about":[{"href":"https:\/\/www.eliasperkis.com\/bike\/wp-json\/wp\/v2\/types\/page"}],"author":[{"embeddable":true,"href":"https:\/\/www.eliasperkis.com\/bike\/wp-json\/wp\/v2\/users\/1"}],"replies":[{"embeddable":true,"href":"https:\/\/www.eliasperkis.com\/bike\/wp-json\/wp\/v2\/comments?post=509"}],"version-history":[{"count":89,"href":"https:\/\/www.eliasperkis.com\/bike\/wp-json\/wp\/v2\/pages\/509\/revisions"}],"predecessor-version":[{"id":2613,"href":"https:\/\/www.eliasperkis.com\/bike\/wp-json\/wp\/v2\/pages\/509\/revisions\/2613"}],"wp:featuredmedia":[{"embeddable":true,"href":"https:\/\/www.eliasperkis.com\/bike\/wp-json\/wp\/v2\/media\/1009"}],"wp:attachment":[{"href":"https:\/\/www.eliasperkis.com\/bike\/wp-json\/wp\/v2\/media?parent=509"}],"curies":[{"name":"wp","href":"https:\/\/api.w.org\/{rel}","templated":true}]}}