{"id":492,"date":"2020-07-23T17:40:31","date_gmt":"2020-07-23T17:40:31","guid":{"rendered":"https:\/\/www.eliasperkis.com\/bike\/?page_id=492"},"modified":"2020-09-07T18:16:31","modified_gmt":"2020-09-07T18:16:31","slug":"quem-somos","status":"publish","type":"page","link":"https:\/\/www.eliasperkis.com\/bike\/quem-somos\/","title":{"rendered":"Quem Somos"},"content":{"rendered":"<div id=\"pl-492\"  class=\"panel-layout\" ><div id=\"pg-492-0\"  class=\"panel-grid panel-no-style\" ><div id=\"pgc-492-0-0\"  class=\"panel-grid-cell panel-grid-cell-empty\" ><\/div><\/div><div id=\"pg-492-1\"  class=\"panel-grid panel-no-style\" ><div id=\"pgc-492-1-0\"  class=\"panel-grid-cell\" ><div id=\"panel-492-1-0-0\" class=\"so-panel widget widget_sow-editor panel-first-child panel-last-child\" data-index=\"0\" ><div\n\t\t\t\n\t\t\tclass=\"so-widget-sow-editor so-widget-sow-editor-base\"\n\t\t\t\n\t\t>\n<div class=\"siteorigin-widget-tinymce textwidget\">\n\t<p style=\"text-align: left;\"><img loading=\"lazy\" decoding=\"async\" class=\"wp-image-305 aligncenter\" src=\"https:\/\/www.eliasperkis.com\/bike\/wp-content\/uploads\/2020\/07\/profile-3-300x300.png\" alt=\"\" width=\"200\" height=\"200\" \/><\/p>\n<div style=\"text-align: center;\">\n<p><strong>ELIAS PERKIS<\/strong><br \/>\n\u201cThe Smart Cyclist\u201d<\/p>\n<p>O meu nome \u00e9 <strong>Elias Perkis<\/strong>, conhecido por \u201cO Ciclista Inteligente\u201d, um eterno curioso sobre o mundo que nos rodeia e apaixonado por conhecimento e pelo ensino. Com forma\u00e7\u00e3o profissional em Design Gr\u00e1fico e Publicidade, tenho partilhado h\u00e1 mais de 15 anos a minha voca\u00e7\u00e3o de artista e de comunicador com o meu grande passatempo, o Ciclismo de Montanha.<\/p>\n<p>Durante anos, a minha participa\u00e7\u00e3o na cria\u00e7\u00e3o de Est\u00fadios de Treino Funcional, colabora\u00e7\u00e3o com os departamentos de marketing de prestigiadas marcas de bicicletas e lojas de ciclismo, a participa\u00e7\u00e3o em in\u00fameras competi\u00e7\u00f5es e grupos de BTT, transformaram-me num ciclista muito mais completo e senhor de um vasto conhecimento relacionado com este apaixonante desporto.<\/p>\n<p>Gosto de todos os aspetos do ensino e do ciclismo. Passo muito tempo a planear novas ideias para oferecer aos meus alunos o desenvolvimento de h\u00e1bitos de ciclismo melhores e mais seguros para desfrutar de todo o potencial das suas bicicletas, do seu corpo e do seu equipamento.<\/p>\n<p>\u201cA cada dia, lugar e momento, surgem perguntas, d\u00favidas e sentimentos que criam obst\u00e1culos para as nossas bicicletas e para a nossa felicidade.\u201d<\/p>\n<p>O meu prop\u00f3sito? Ampliar os seus conhecimentos e refor\u00e7ar as suas capacidades e autoconfian\u00e7a para promover assim mudan\u00e7as positivas no seu dia a dia em prol do seu bem-estar f\u00edsico e mental. O meu objetivo? Responder \u00e0s vossas perguntas, esclarecer d\u00favidas, dissipar os medos e ultrapassar todos os obst\u00e1culos, permitindo-lhe assim, descobrir a fascinante natureza deste desporto, as suas qualidades e m\u00faltiplos benef\u00edcios.<\/p>\n<\/div>\n<p><img loading=\"lazy\" decoding=\"async\" class=\"size-medium wp-image-298 aligncenter\" src=\"https:\/\/www.eliasperkis.com\/bike\/wp-content\/uploads\/2020\/07\/eliasperkis-signature-300x87.png\" alt=\"\" width=\"300\" height=\"87\" \/><\/p>\n<\/div>\n<\/div><\/div><\/div><\/div><\/div>","protected":false},"excerpt":{"rendered":"<p>ELIAS PERKIS \u201cThe Smart Cyclist\u201d O meu nome \u00e9 Elias Perkis, conhecido por \u201cO Ciclista Inteligente\u201d, um eterno curioso sobre o mundo que nos rodeia e apaixonado por conhecimento e pelo ensino. Com forma\u00e7\u00e3o profissional em Design Gr\u00e1fico e Publicidade, tenho partilhado h\u00e1 mais de 15 anos a minha voca\u00e7\u00e3o de artista e de comunicador &hellip; <\/p>\n<p class=\"link-more\"><a href=\"https:\/\/www.eliasperkis.com\/bike\/quem-somos\/\" class=\"more-link\">Continue reading<span class=\"screen-reader-text\"> &#8220;Quem Somos&#8221;<\/span><\/a><\/p>\n","protected":false},"author":1,"featured_media":1290,"parent":0,"menu_order":0,"comment_status":"closed","ping_status":"closed","template":"","meta":{"_monsterinsights_skip_tracking":false,"_monsterinsights_sitenote_active":false,"_monsterinsights_sitenote_note":"","_monsterinsights_sitenote_category":0,"footnotes":""},"class_list":["post-492","page","type-page","status-publish","has-post-thumbnail","hentry"],"aioseo_notices":[],"rttpg_featured_image_url":{"full":["https:\/\/www.eliasperkis.com\/bike\/wp-content\/uploads\/2020\/08\/887132_10200867909159239_1170975952_o-1.jpg",1400,777,false],"landscape":["https:\/\/www.eliasperkis.com\/bike\/wp-content\/uploads\/2020\/08\/887132_10200867909159239_1170975952_o-1.jpg",1400,777,false],"portraits":["https:\/\/www.eliasperkis.com\/bike\/wp-content\/uploads\/2020\/08\/887132_10200867909159239_1170975952_o-1.jpg",1400,777,false],"thumbnail":["https:\/\/www.eliasperkis.com\/bike\/wp-content\/uploads\/2020\/08\/887132_10200867909159239_1170975952_o-1-150x150.jpg",150,150,true],"medium":["https:\/\/www.eliasperkis.com\/bike\/wp-content\/uploads\/2020\/08\/887132_10200867909159239_1170975952_o-1-300x167.jpg",300,167,true],"large":["https:\/\/www.eliasperkis.com\/bike\/wp-content\/uploads\/2020\/08\/887132_10200867909159239_1170975952_o-1-1024x568.jpg",525,291,true],"1536x1536":["https:\/\/www.eliasperkis.com\/bike\/wp-content\/uploads\/2020\/08\/887132_10200867909159239_1170975952_o-1.jpg",1400,777,false],"2048x2048":["https:\/\/www.eliasperkis.com\/bike\/wp-content\/uploads\/2020\/08\/887132_10200867909159239_1170975952_o-1.jpg",1400,777,false],"twentyseventeen-featured-image":["https:\/\/www.eliasperkis.com\/bike\/wp-content\/uploads\/2020\/08\/887132_10200867909159239_1170975952_o-1.jpg",1400,777,false],"twentyseventeen-thumbnail-avatar":["https:\/\/www.eliasperkis.com\/bike\/wp-content\/uploads\/2020\/08\/887132_10200867909159239_1170975952_o-1-100x100.jpg",100,100,true],"sow-carousel-default":["https:\/\/www.eliasperkis.com\/bike\/wp-content\/uploads\/2020\/08\/887132_10200867909159239_1170975952_o-1-272x182.jpg",272,182,true]},"rttpg_author":{"display_name":"eliasperkis","author_link":"https:\/\/www.eliasperkis.com\/bike\/author\/eliasperkis\/"},"rttpg_comment":0,"rttpg_category":" <a href=\"https:\/\/www.eliasperkis.com\/bike\/\" rel=\"tag\">Portugu\u00eas<\/a>","rttpg_excerpt":"ELIAS PERKIS \u201cThe Smart Cyclist\u201d O meu nome \u00e9 Elias Perkis, conhecido por \u201cO Ciclista Inteligente\u201d, um eterno curioso sobre o mundo que nos rodeia e apaixonado por conhecimento e pelo ensino. Com forma\u00e7\u00e3o profissional em Design Gr\u00e1fico e Publicidade, tenho partilhado h\u00e1 mais de 15 anos a minha voca\u00e7\u00e3o de artista e de comunicador&hellip;","_links":{"self":[{"href":"https:\/\/www.eliasperkis.com\/bike\/wp-json\/wp\/v2\/pages\/492","targetHints":{"allow":["GET"]}}],"collection":[{"href":"https:\/\/www.eliasperkis.com\/bike\/wp-json\/wp\/v2\/pages"}],"about":[{"href":"https:\/\/www.eliasperkis.com\/bike\/wp-json\/wp\/v2\/types\/page"}],"author":[{"embeddable":true,"href":"https:\/\/www.eliasperkis.com\/bike\/wp-json\/wp\/v2\/users\/1"}],"replies":[{"embeddable":true,"href":"https:\/\/www.eliasperkis.com\/bike\/wp-json\/wp\/v2\/comments?post=492"}],"version-history":[{"count":41,"href":"https:\/\/www.eliasperkis.com\/bike\/wp-json\/wp\/v2\/pages\/492\/revisions"}],"predecessor-version":[{"id":494,"href":"https:\/\/www.eliasperkis.com\/bike\/wp-json\/wp\/v2\/pages\/492\/revisions\/494"}],"wp:featuredmedia":[{"embeddable":true,"href":"https:\/\/www.eliasperkis.com\/bike\/wp-json\/wp\/v2\/media\/1290"}],"wp:attachment":[{"href":"https:\/\/www.eliasperkis.com\/bike\/wp-json\/wp\/v2\/media?parent=492"}],"curies":[{"name":"wp","href":"https:\/\/api.w.org\/{rel}","templated":true}]}}