{"id":485,"date":"2020-07-23T17:29:40","date_gmt":"2020-07-23T17:29:40","guid":{"rendered":"https:\/\/www.eliasperkis.com\/bike\/home-espanol\/"},"modified":"2020-09-08T16:41:26","modified_gmt":"2020-09-08T16:41:26","slug":"home-espanol","status":"publish","type":"page","link":"https:\/\/www.eliasperkis.com\/bike\/es\/home-espanol\/","title":{"rendered":"Inicio"},"content":{"rendered":"<div id=\"pl-485\"  class=\"panel-layout\" ><div id=\"pg-485-0\"  class=\"panel-grid panel-no-style\" ><div id=\"pgc-485-0-0\"  class=\"panel-grid-cell\" ><div id=\"panel-485-0-0-0\" class=\"so-panel widget widget_sow-editor panel-first-child panel-last-child\" data-index=\"0\" ><div\n\t\t\t\n\t\t\tclass=\"so-widget-sow-editor so-widget-sow-editor-base\"\n\t\t\t\n\t\t>\n<div class=\"siteorigin-widget-tinymce textwidget\">\n\t<h1 style=\"text-align: center;\">Bienvenido a<br \/>\n<strong>RIDE SMARTER\u00ae<\/strong><br \/>\nClases Particulares y Asistencia Personal para Nuevos Ciclistas.<\/h1>\n<h4 style=\"text-align: center;\"><strong>Coaching<span style=\"color: #009fe3;\"> \/ <\/span>Clases de Ciclismo <span style=\"color: #009fe3;\">\/<\/span> Habilidades Esenciales <span style=\"color: #009fe3;\">\/<\/span> Consejos <span style=\"color: #009fe3;\">\/ <\/span>Asesor\u00eda <span style=\"color: #009fe3;\">\/ <\/span><\/strong>Conocimiento y Bienestar<\/h4>\n<p style=\"text-align: center;\">Clases Particulares y Asistencia Personal para Nuevos Ciclistas con \u00e9nfasis en el conocimiento, la motivaci\u00f3n y el desarrollo personal en pro del bienestar f\u00edsico y mental.<\/p>\n<p style=\"text-align: center;\">Alentamos todo tipo de ciclismo, dentro y fuera de la carretera. Te apoyamos si ya montas en bici, o si te gustar\u00eda hacerlo, para ir al trabajo o a la escuela, por salud, para hacer turismo, deporte y ocio \u2014 o simplemente porque es divertido.<\/p>\n<h3 style=\"text-align: center;\">Andar de bicicleta aumenta tu estado de felicidad, autoestima y confianza; mejora tus capacidades creativas y cognitivas; disminuye los niveles de estr\u00e9s y ansiedad fortaleciendo el sistema inmunol\u00f3gico y previniendo la manifestaci\u00f3n de diversas enfermedades.<\/h3>\n<h3 style=\"text-align: center;\">Pedalea... Cuida de ti.<em><br \/>\n<\/em><strong>RIDE SMARTER\u00ae<\/strong><\/h3>\n<\/div>\n<\/div><\/div><\/div><\/div><\/div>","protected":false},"excerpt":{"rendered":"<p>Bienvenido a RIDE SMARTER\u00ae Clases Particulares y Asistencia Personal para Nuevos Ciclistas. Coaching \/ Clases de Ciclismo \/ Habilidades Esenciales \/ Consejos \/ Asesor\u00eda \/ Conocimiento y Bienestar Clases Particulares y Asistencia Personal para Nuevos Ciclistas con \u00e9nfasis en el conocimiento, la motivaci\u00f3n y el desarrollo personal en pro del bienestar f\u00edsico y mental. Alentamos &hellip; <\/p>\n<p class=\"link-more\"><a href=\"https:\/\/www.eliasperkis.com\/bike\/es\/home-espanol\/\" class=\"more-link\">Continue reading<span class=\"screen-reader-text\"> &#8220;Inicio&#8221;<\/span><\/a><\/p>\n","protected":false},"author":1,"featured_media":1586,"parent":0,"menu_order":0,"comment_status":"closed","ping_status":"closed","template":"","meta":{"_monsterinsights_skip_tracking":false,"_monsterinsights_sitenote_active":false,"_monsterinsights_sitenote_note":"","_monsterinsights_sitenote_category":0,"footnotes":""},"class_list":["post-485","page","type-page","status-publish","has-post-thumbnail","hentry"],"aioseo_notices":[],"rttpg_featured_image_url":{"full":["https:\/\/www.eliasperkis.com\/bike\/wp-content\/uploads\/2020\/08\/SNeedham_Trek_LACity_Day1_093-1-1440x1080-1.jpg",1440,1080,false],"landscape":["https:\/\/www.eliasperkis.com\/bike\/wp-content\/uploads\/2020\/08\/SNeedham_Trek_LACity_Day1_093-1-1440x1080-1.jpg",1440,1080,false],"portraits":["https:\/\/www.eliasperkis.com\/bike\/wp-content\/uploads\/2020\/08\/SNeedham_Trek_LACity_Day1_093-1-1440x1080-1.jpg",1440,1080,false],"thumbnail":["https:\/\/www.eliasperkis.com\/bike\/wp-content\/uploads\/2020\/08\/SNeedham_Trek_LACity_Day1_093-1-1440x1080-1-150x150.jpg",150,150,true],"medium":["https:\/\/www.eliasperkis.com\/bike\/wp-content\/uploads\/2020\/08\/SNeedham_Trek_LACity_Day1_093-1-1440x1080-1-300x225.jpg",300,225,true],"large":["https:\/\/www.eliasperkis.com\/bike\/wp-content\/uploads\/2020\/08\/SNeedham_Trek_LACity_Day1_093-1-1440x1080-1-1024x768.jpg",525,394,true],"1536x1536":["https:\/\/www.eliasperkis.com\/bike\/wp-content\/uploads\/2020\/08\/SNeedham_Trek_LACity_Day1_093-1-1440x1080-1.jpg",1440,1080,false],"2048x2048":["https:\/\/www.eliasperkis.com\/bike\/wp-content\/uploads\/2020\/08\/SNeedham_Trek_LACity_Day1_093-1-1440x1080-1.jpg",1440,1080,false],"twentyseventeen-featured-image":["https:\/\/www.eliasperkis.com\/bike\/wp-content\/uploads\/2020\/08\/SNeedham_Trek_LACity_Day1_093-1-1440x1080-1.jpg",1440,1080,false],"twentyseventeen-thumbnail-avatar":["https:\/\/www.eliasperkis.com\/bike\/wp-content\/uploads\/2020\/08\/SNeedham_Trek_LACity_Day1_093-1-1440x1080-1-100x100.jpg",100,100,true],"sow-carousel-default":["https:\/\/www.eliasperkis.com\/bike\/wp-content\/uploads\/2020\/08\/SNeedham_Trek_LACity_Day1_093-1-1440x1080-1-272x182.jpg",272,182,true]},"rttpg_author":{"display_name":"eliasperkis","author_link":"https:\/\/www.eliasperkis.com\/bike\/author\/eliasperkis\/"},"rttpg_comment":0,"rttpg_category":" <a href=\"https:\/\/www.eliasperkis.com\/bike\/es\/\" rel=\"tag\">Espa\u00f1ol<\/a>","rttpg_excerpt":"Bienvenido a RIDE SMARTER\u00ae Clases Particulares y Asistencia Personal para Nuevos Ciclistas. Coaching \/ Clases de Ciclismo \/ Habilidades Esenciales \/ Consejos \/ Asesor\u00eda \/ Conocimiento y Bienestar Clases Particulares y Asistencia Personal para Nuevos Ciclistas con \u00e9nfasis en el conocimiento, la motivaci\u00f3n y el desarrollo personal en pro del bienestar f\u00edsico y mental. Alentamos&hellip;","_links":{"self":[{"href":"https:\/\/www.eliasperkis.com\/bike\/wp-json\/wp\/v2\/pages\/485","targetHints":{"allow":["GET"]}}],"collection":[{"href":"https:\/\/www.eliasperkis.com\/bike\/wp-json\/wp\/v2\/pages"}],"about":[{"href":"https:\/\/www.eliasperkis.com\/bike\/wp-json\/wp\/v2\/types\/page"}],"author":[{"embeddable":true,"href":"https:\/\/www.eliasperkis.com\/bike\/wp-json\/wp\/v2\/users\/1"}],"replies":[{"embeddable":true,"href":"https:\/\/www.eliasperkis.com\/bike\/wp-json\/wp\/v2\/comments?post=485"}],"version-history":[{"count":49,"href":"https:\/\/www.eliasperkis.com\/bike\/wp-json\/wp\/v2\/pages\/485\/revisions"}],"predecessor-version":[{"id":2530,"href":"https:\/\/www.eliasperkis.com\/bike\/wp-json\/wp\/v2\/pages\/485\/revisions\/2530"}],"wp:featuredmedia":[{"embeddable":true,"href":"https:\/\/www.eliasperkis.com\/bike\/wp-json\/wp\/v2\/media\/1586"}],"wp:attachment":[{"href":"https:\/\/www.eliasperkis.com\/bike\/wp-json\/wp\/v2\/media?parent=485"}],"curies":[{"name":"wp","href":"https:\/\/api.w.org\/{rel}","templated":true}]}}