{"id":2341,"date":"2020-09-03T16:55:54","date_gmt":"2020-09-03T16:55:54","guid":{"rendered":"https:\/\/www.eliasperkis.com\/bike\/?page_id=2341"},"modified":"2020-09-15T20:35:23","modified_gmt":"2020-09-15T20:35:23","slug":"inicio","status":"publish","type":"page","link":"https:\/\/www.eliasperkis.com\/bike\/","title":{"rendered":"In\u00edcio"},"content":{"rendered":"<div id=\"pl-2341\"  class=\"panel-layout\" ><div id=\"pg-2341-0\"  class=\"panel-grid panel-no-style\" ><div id=\"pgc-2341-0-0\"  class=\"panel-grid-cell\" ><div id=\"panel-2341-0-0-0\" class=\"so-panel widget widget_sow-editor panel-first-child panel-last-child\" data-index=\"0\" ><div\n\t\t\t\n\t\t\tclass=\"so-widget-sow-editor so-widget-sow-editor-base\"\n\t\t\t\n\t\t>\n<div class=\"siteorigin-widget-tinymce textwidget\">\n\t<div class=\"entry-content\">\n<div id=\"pl-486\" class=\"panel-layout\">\n<div id=\"pg-486-0\" class=\"panel-grid panel-no-style\">\n<div id=\"pgc-486-0-0\" class=\"panel-grid-cell\">\n<div id=\"panel-486-0-0-0\" class=\"so-panel widget widget_sow-editor panel-first-child panel-last-child\" data-index=\"0\">\n<div class=\"so-widget-sow-editor so-widget-sow-editor-base\">\n<div class=\"siteorigin-widget-tinymce textwidget\">\n<h1 style=\"text-align: center;\">Bem-vindo a<br \/>\n<strong>RIDE SMARTER\u00ae<\/strong><br \/>\nAulas Particulares e Assist\u00eancia Pessoal para Novos Ciclistas.<\/h1>\n<h4 style=\"text-align: center;\">Coaching <span style=\"color: #00ccff;\">\/<\/span> Aulas de Ciclismo <span style=\"color: #00ccff;\">\/<\/span> Habilidades Essenciais <span style=\"color: #00ccff;\">\/<\/span> Dicas <span style=\"color: #00ccff;\">\/<\/span> Assessoria <span style=\"color: #00ccff;\">\/<\/span> Conhecimento e Bem-estar.<\/h4>\n<p style=\"text-align: center;\">Aulas Particulares e Assist\u00eancia Pessoal para Novos Ciclistas com \u00eanfase no conhecimento, motiva\u00e7\u00e3o e desenvolvimento pessoal em prol do bem-estar<br \/>\nf\u00edsico e mental.<\/p>\n<p style=\"text-align: center;\">Incentivamos todos os tipos de ciclismo, em estrada e todo-o-terreno. Apoiamo-lo se j\u00e1 anda de bicicleta, ou se gostaria de o fazer, para ir para o trabalho, para a escola, por motivos de sa\u00fade, turismo, desporto ou lazer \u2014 ou simplesmente porque \u00e9 divertido.<\/p>\n<h3 style=\"text-align: center;\">Andar de bicicleta aumenta o seu estado de felicidade, fortalece a sua autoestima e confian\u00e7a; melhora as suas capacidades criativas e cognitivas, diminui os n\u00edveis de stress e ansiedade refor\u00e7ando o sistema imunit\u00e1rio e prevenindo a manifesta\u00e7\u00e3o de diversas enfermidades.<\/h3>\n<h3 style=\"text-align: center;\">Pedala... Cuida de ti.<br \/>\n<strong>RIDE SMARTER<\/strong>\u00ae<em><br \/>\n<\/em><\/h3>\n<\/div>\n<\/div>\n<\/div>\n<\/div>\n<\/div>\n<\/div>\n<\/div>\n<\/div>\n<\/div><\/div><\/div><\/div><\/div>","protected":false},"excerpt":{"rendered":"<p>Bem-vindo a RIDE SMARTER\u00ae Aulas Particulares e Assist\u00eancia Pessoal para Novos Ciclistas. Coaching \/ Aulas de Ciclismo \/ Habilidades Essenciais \/ Dicas \/ Assessoria \/ Conhecimento e Bem-estar. Aulas Particulares e Assist\u00eancia Pessoal para Novos Ciclistas com \u00eanfase no conhecimento, motiva\u00e7\u00e3o e desenvolvimento pessoal em prol do bem-estar f\u00edsico e mental. Incentivamos todos os tipos &hellip; <\/p>\n<p class=\"link-more\"><a href=\"https:\/\/www.eliasperkis.com\/bike\/\" class=\"more-link\">Continue reading<span class=\"screen-reader-text\"> &#8220;In\u00edcio&#8221;<\/span><\/a><\/p>\n","protected":false},"author":1,"featured_media":1001,"parent":0,"menu_order":0,"comment_status":"closed","ping_status":"closed","template":"","meta":{"_monsterinsights_skip_tracking":false,"_monsterinsights_sitenote_active":false,"_monsterinsights_sitenote_note":"","_monsterinsights_sitenote_category":0,"footnotes":""},"class_list":["post-2341","page","type-page","status-publish","has-post-thumbnail","hentry"],"aioseo_notices":[],"rttpg_featured_image_url":{"full":["https:\/\/www.eliasperkis.com\/bike\/wp-content\/uploads\/2020\/07\/SNeedham_Trek_LACity_Day1_093-1-1440x1080-1.jpg",1440,1080,false],"landscape":["https:\/\/www.eliasperkis.com\/bike\/wp-content\/uploads\/2020\/07\/SNeedham_Trek_LACity_Day1_093-1-1440x1080-1.jpg",1440,1080,false],"portraits":["https:\/\/www.eliasperkis.com\/bike\/wp-content\/uploads\/2020\/07\/SNeedham_Trek_LACity_Day1_093-1-1440x1080-1.jpg",1440,1080,false],"thumbnail":["https:\/\/www.eliasperkis.com\/bike\/wp-content\/uploads\/2020\/07\/SNeedham_Trek_LACity_Day1_093-1-1440x1080-1-150x150.jpg",150,150,true],"medium":["https:\/\/www.eliasperkis.com\/bike\/wp-content\/uploads\/2020\/07\/SNeedham_Trek_LACity_Day1_093-1-1440x1080-1-300x225.jpg",300,225,true],"large":["https:\/\/www.eliasperkis.com\/bike\/wp-content\/uploads\/2020\/07\/SNeedham_Trek_LACity_Day1_093-1-1440x1080-1-1024x768.jpg",525,394,true],"1536x1536":["https:\/\/www.eliasperkis.com\/bike\/wp-content\/uploads\/2020\/07\/SNeedham_Trek_LACity_Day1_093-1-1440x1080-1.jpg",1440,1080,false],"2048x2048":["https:\/\/www.eliasperkis.com\/bike\/wp-content\/uploads\/2020\/07\/SNeedham_Trek_LACity_Day1_093-1-1440x1080-1.jpg",1440,1080,false],"twentyseventeen-featured-image":["https:\/\/www.eliasperkis.com\/bike\/wp-content\/uploads\/2020\/07\/SNeedham_Trek_LACity_Day1_093-1-1440x1080-1.jpg",1440,1080,false],"twentyseventeen-thumbnail-avatar":["https:\/\/www.eliasperkis.com\/bike\/wp-content\/uploads\/2020\/07\/SNeedham_Trek_LACity_Day1_093-1-1440x1080-1-100x100.jpg",100,100,true],"sow-carousel-default":["https:\/\/www.eliasperkis.com\/bike\/wp-content\/uploads\/2020\/07\/SNeedham_Trek_LACity_Day1_093-1-1440x1080-1-272x182.jpg",272,182,true]},"rttpg_author":{"display_name":"eliasperkis","author_link":"https:\/\/www.eliasperkis.com\/bike\/author\/eliasperkis\/"},"rttpg_comment":0,"rttpg_category":" <a href=\"https:\/\/www.eliasperkis.com\/bike\/\" rel=\"tag\">Portugu\u00eas<\/a>","rttpg_excerpt":"Bem-vindo a RIDE SMARTER\u00ae Aulas Particulares e Assist\u00eancia Pessoal para Novos Ciclistas. Coaching \/ Aulas de Ciclismo \/ Habilidades Essenciais \/ Dicas \/ Assessoria \/ Conhecimento e Bem-estar. Aulas Particulares e Assist\u00eancia Pessoal para Novos Ciclistas com \u00eanfase no conhecimento, motiva\u00e7\u00e3o e desenvolvimento pessoal em prol do bem-estar f\u00edsico e mental. Incentivamos todos os tipos&hellip;","_links":{"self":[{"href":"https:\/\/www.eliasperkis.com\/bike\/wp-json\/wp\/v2\/pages\/2341","targetHints":{"allow":["GET"]}}],"collection":[{"href":"https:\/\/www.eliasperkis.com\/bike\/wp-json\/wp\/v2\/pages"}],"about":[{"href":"https:\/\/www.eliasperkis.com\/bike\/wp-json\/wp\/v2\/types\/page"}],"author":[{"embeddable":true,"href":"https:\/\/www.eliasperkis.com\/bike\/wp-json\/wp\/v2\/users\/1"}],"replies":[{"embeddable":true,"href":"https:\/\/www.eliasperkis.com\/bike\/wp-json\/wp\/v2\/comments?post=2341"}],"version-history":[{"count":11,"href":"https:\/\/www.eliasperkis.com\/bike\/wp-json\/wp\/v2\/pages\/2341\/revisions"}],"predecessor-version":[{"id":2564,"href":"https:\/\/www.eliasperkis.com\/bike\/wp-json\/wp\/v2\/pages\/2341\/revisions\/2564"}],"wp:featuredmedia":[{"embeddable":true,"href":"https:\/\/www.eliasperkis.com\/bike\/wp-json\/wp\/v2\/media\/1001"}],"wp:attachment":[{"href":"https:\/\/www.eliasperkis.com\/bike\/wp-json\/wp\/v2\/media?parent=2341"}],"curies":[{"name":"wp","href":"https:\/\/api.w.org\/{rel}","templated":true}]}}