{"id":1125,"date":"2020-08-01T13:54:53","date_gmt":"2020-08-01T13:54:53","guid":{"rendered":"https:\/\/www.eliasperkis.com\/bike\/?page_id=1125"},"modified":"2020-09-30T19:13:02","modified_gmt":"2020-09-30T19:13:02","slug":"reservas","status":"publish","type":"page","link":"https:\/\/www.eliasperkis.com\/bike\/es\/reservas\/","title":{"rendered":"Reservas"},"content":{"rendered":"<div id=\"pl-1125\"  class=\"panel-layout\" ><div id=\"pg-1125-0\"  class=\"panel-grid panel-no-style\" ><div id=\"pgc-1125-0-0\"  class=\"panel-grid-cell\" ><div id=\"panel-1125-0-0-0\" class=\"so-panel widget widget_sow-editor panel-first-child panel-last-child\" data-index=\"0\" ><div\n\t\t\t\n\t\t\tclass=\"so-widget-sow-editor so-widget-sow-editor-base\"\n\t\t\t\n\t\t>\n<div class=\"siteorigin-widget-tinymce textwidget\">\n\t<div id=\"panel-512-1-0-1\" class=\"so-panel widget widget_sow-editor\" data-index=\"1\">\n<div class=\"so-widget-sow-editor so-widget-sow-editor-base\">\n<div class=\"siteorigin-widget-tinymce textwidget\">\n<h1 style=\"text-align: center;\">RESERVA TU CLASE PARTICULAR<\/h1>\n<blockquote>\n<p style=\"text-align: center;\">\u201cSer parte de tu progreso es lo que nos motiva\u201d<\/p>\n<\/blockquote>\n<ul>\n<li style=\"text-align: center;\"><em>Lecciones, Consejos, Asesoria y Acompa\u00f1amiento disponibles de forma: Presencial, Tel\u00e9fono o Video Conferencia<\/em><\/li>\n<li style=\"text-align: center;\"><em>Por favor, selecciona el <strong>Service<\/strong> de tu inter\u00e9s as\u00ed como el mejor d\u00eda y hora para tu actividad.<\/em><br \/>\n\n<script>\n  if (typeof hasAmeliaAppointment === 'undefined') {\n    var hasAmeliaAppointment = true;\n  }\n  if (typeof hasAppointmentApiCall === 'undefined' && '' === '') {\n    var hasAppointmentApiCall = true;\n  }\n  var hasBookingShortcode = (typeof hasBookingShortcode === 'undefined') ? false : true;\n  var bookingEntitiesIds = (typeof bookingEntitiesIds === 'undefined') ? [] : bookingEntitiesIds;\n  bookingEntitiesIds.push(\n    {\n      'hasApiCall': (typeof hasAppointmentApiCall !== 'undefined') && hasAppointmentApiCall,\n      'trigger': '',\n      'show': '',\n      'counter': '0',\n      'category': '',\n      'service': '',\n      'employee': '',\n      'location': ''\n    }\n  );\n  var lazyBookingEntitiesIds = (typeof lazyBookingEntitiesIds === 'undefined') ? [] : lazyBookingEntitiesIds;\n  if (bookingEntitiesIds[bookingEntitiesIds.length - 1].trigger !== '') {\n    lazyBookingEntitiesIds.push(bookingEntitiesIds.pop());\n  }\n  if (typeof hasAppointmentApiCall !== 'undefined' && hasAppointmentApiCall) {\n    hasAppointmentApiCall = false;\n  }\n<\/script>\n\n<div id=\"amelia-app-booking0\" class=\"amelia-booking amelia-frontend amelia-app-booking\">\n  <booking id=\"amelia-step-booking0\"><\/booking>\n<\/div>\n<\/li>\n<\/ul>\n<\/div>\n<\/div>\n<\/div>\n<\/div>\n<\/div><\/div><\/div><\/div><\/div>","protected":false},"excerpt":{"rendered":"<p>RESERVA TU CLASE PARTICULAR \u201cSer parte de tu progreso es lo que nos motiva\u201d Lecciones, Consejos, Asesoria y Acompa\u00f1amiento disponibles de forma: Presencial, Tel\u00e9fono o Video Conferencia Por favor, selecciona el Service de tu inter\u00e9s as\u00ed como el mejor d\u00eda y hora para tu actividad.<\/p>\n","protected":false},"author":1,"featured_media":1161,"parent":0,"menu_order":0,"comment_status":"closed","ping_status":"closed","template":"","meta":{"_monsterinsights_skip_tracking":false,"_monsterinsights_sitenote_active":false,"_monsterinsights_sitenote_note":"","_monsterinsights_sitenote_category":0,"footnotes":""},"class_list":["post-1125","page","type-page","status-publish","has-post-thumbnail","hentry"],"aioseo_notices":[],"rttpg_featured_image_url":{"full":["https:\/\/www.eliasperkis.com\/bike\/wp-content\/uploads\/2020\/08\/TK20_WEB_BLOG_How_To_Ride_Safer_Marquee_16x9-3-1-1.jpg",1920,1080,false],"landscape":["https:\/\/www.eliasperkis.com\/bike\/wp-content\/uploads\/2020\/08\/TK20_WEB_BLOG_How_To_Ride_Safer_Marquee_16x9-3-1-1.jpg",1920,1080,false],"portraits":["https:\/\/www.eliasperkis.com\/bike\/wp-content\/uploads\/2020\/08\/TK20_WEB_BLOG_How_To_Ride_Safer_Marquee_16x9-3-1-1.jpg",1920,1080,false],"thumbnail":["https:\/\/www.eliasperkis.com\/bike\/wp-content\/uploads\/2020\/08\/TK20_WEB_BLOG_How_To_Ride_Safer_Marquee_16x9-3-1-1-150x150.jpg",150,150,true],"medium":["https:\/\/www.eliasperkis.com\/bike\/wp-content\/uploads\/2020\/08\/TK20_WEB_BLOG_How_To_Ride_Safer_Marquee_16x9-3-1-1-300x169.jpg",300,169,true],"large":["https:\/\/www.eliasperkis.com\/bike\/wp-content\/uploads\/2020\/08\/TK20_WEB_BLOG_How_To_Ride_Safer_Marquee_16x9-3-1-1-1024x576.jpg",525,295,true],"1536x1536":["https:\/\/www.eliasperkis.com\/bike\/wp-content\/uploads\/2020\/08\/TK20_WEB_BLOG_How_To_Ride_Safer_Marquee_16x9-3-1-1-1536x864.jpg",1536,864,true],"2048x2048":["https:\/\/www.eliasperkis.com\/bike\/wp-content\/uploads\/2020\/08\/TK20_WEB_BLOG_How_To_Ride_Safer_Marquee_16x9-3-1-1.jpg",1920,1080,false],"twentyseventeen-featured-image":["https:\/\/www.eliasperkis.com\/bike\/wp-content\/uploads\/2020\/08\/TK20_WEB_BLOG_How_To_Ride_Safer_Marquee_16x9-3-1-1.jpg",1920,1080,false],"twentyseventeen-thumbnail-avatar":["https:\/\/www.eliasperkis.com\/bike\/wp-content\/uploads\/2020\/08\/TK20_WEB_BLOG_How_To_Ride_Safer_Marquee_16x9-3-1-1-100x100.jpg",100,100,true],"sow-carousel-default":["https:\/\/www.eliasperkis.com\/bike\/wp-content\/uploads\/2020\/08\/TK20_WEB_BLOG_How_To_Ride_Safer_Marquee_16x9-3-1-1-272x182.jpg",272,182,true]},"rttpg_author":{"display_name":"eliasperkis","author_link":"https:\/\/www.eliasperkis.com\/bike\/author\/eliasperkis\/"},"rttpg_comment":0,"rttpg_category":" <a href=\"https:\/\/www.eliasperkis.com\/bike\/es\/\" rel=\"tag\">Espa\u00f1ol<\/a>","rttpg_excerpt":"RESERVA TU CLASE PARTICULAR \u201cSer parte de tu progreso es lo que nos motiva\u201d Lecciones, Consejos, Asesoria y Acompa\u00f1amiento disponibles de forma: Presencial, Tel\u00e9fono o Video Conferencia Por favor, selecciona el Service de tu inter\u00e9s as\u00ed como el mejor d\u00eda y hora para tu actividad.","_links":{"self":[{"href":"https:\/\/www.eliasperkis.com\/bike\/wp-json\/wp\/v2\/pages\/1125","targetHints":{"allow":["GET"]}}],"collection":[{"href":"https:\/\/www.eliasperkis.com\/bike\/wp-json\/wp\/v2\/pages"}],"about":[{"href":"https:\/\/www.eliasperkis.com\/bike\/wp-json\/wp\/v2\/types\/page"}],"author":[{"embeddable":true,"href":"https:\/\/www.eliasperkis.com\/bike\/wp-json\/wp\/v2\/users\/1"}],"replies":[{"embeddable":true,"href":"https:\/\/www.eliasperkis.com\/bike\/wp-json\/wp\/v2\/comments?post=1125"}],"version-history":[{"count":14,"href":"https:\/\/www.eliasperkis.com\/bike\/wp-json\/wp\/v2\/pages\/1125\/revisions"}],"predecessor-version":[{"id":2600,"href":"https:\/\/www.eliasperkis.com\/bike\/wp-json\/wp\/v2\/pages\/1125\/revisions\/2600"}],"wp:featuredmedia":[{"embeddable":true,"href":"https:\/\/www.eliasperkis.com\/bike\/wp-json\/wp\/v2\/media\/1161"}],"wp:attachment":[{"href":"https:\/\/www.eliasperkis.com\/bike\/wp-json\/wp\/v2\/media?parent=1125"}],"curies":[{"name":"wp","href":"https:\/\/api.w.org\/{rel}","templated":true}]}}